{"id":899,"date":"2020-04-28T14:19:18","date_gmt":"2020-04-28T14:19:18","guid":{"rendered":"http:\/\/box5530.temp.domains\/~alquimj4\/?post_type=product&#038;p=899"},"modified":"2023-03-09T11:24:31","modified_gmt":"2023-03-09T11:24:31","slug":"moroccan-ghassoul-clay-2","status":"publish","type":"product","link":"https:\/\/alquimiapervane.com\/es\/home\/shop\/moroccan-ghassoul-clay-2\/","title":{"rendered":"Ghassoul Arcilla Marroqu\u00ed"},"content":{"rendered":"<p>Adecuado para usar como mascarilla facial o capilar.<\/p>\n<p>Para usar como mascarilla facial, simplemente mezcle una cucharada, m\u00e1s o menos, con un poco de agua tibia para formar una pasta. Luego aplique sobre la cara, deje secar y lave. Si\u00e9ntase libre de usar agua de rosas, etc. en lugar del agua y agregar unas gotas de su aceite esencial favorito.<\/p>\n<p>Para usar como mascarilla capilar, haga una pasta como se describi\u00f3 anteriormente, solo agregue un poco m\u00e1s de agua para que tenga una consistencia m\u00e1s liquida. Luego aplique sobre el cabello, masajee y aclare con abundante agua.<\/p>","protected":false},"excerpt":{"rendered":"<p>200g de Ghassoul, arcilla marroqu\u00ed, en bote de pl\u00e1stico con tapa de metal.<\/p>\n<p>Abastecida en las monta\u00f1as del Atlas de Marruecos, esta arcilla ha sido valorada durante siglos debido a su capacidad para extraer impurezas sin deshidratar la piel o el cabello.<\/p>\n<p>Para informaci\u00f3n de uso ver mas abajo.<\/p>","protected":false},"featured_media":1231,"comment_status":"open","ping_status":"closed","template":"","meta":{"om_disable_all_campaigns":false,"_monsterinsights_skip_tracking":false,"_monsterinsights_sitenote_active":false,"_monsterinsights_sitenote_note":"","_monsterinsights_sitenote_category":0,"jetpack_post_was_ever_published":false,"jetpack_publicize_message":"","jetpack_publicize_feature_enabled":true,"jetpack_social_post_already_shared":true,"jetpack_social_options":{"image_generator_settings":{"template":"highway","default_image_id":0,"font":"","enabled":false},"version":2}},"product_brand":[],"product_cat":[38],"product_tag":[85,86,87],"product_folder":[],"class_list":{"0":"post-899","1":"product","2":"type-product","3":"status-publish","4":"has-post-thumbnail","6":"product_cat-shampoos-soaps-and-cosmetics","7":"product_tag-clay","8":"product_tag-face-mask","9":"product_tag-ghassoul","11":"first","12":"instock","13":"shipping-taxable","14":"purchasable","15":"product-type-simple"},"yoast_head":"<!-- This site is optimized with the Yoast SEO plugin v27.4 - https:\/\/yoast.com\/product\/yoast-seo-wordpress\/ -->\n<title>Moroccan Ghassoul Clay &#8226; Alquimia Pervane - handmade perfumes and oils<\/title>\n<meta name=\"robots\" content=\"index, follow, max-snippet:-1, max-image-preview:large, max-video-preview:-1\" \/>\n<link rel=\"canonical\" href=\"https:\/\/alquimiapervane.com\/es\/home\/shop\/moroccan-ghassoul-clay-2\/\" \/>\n<meta property=\"og:locale\" content=\"es_ES\" \/>\n<meta property=\"og:type\" content=\"article\" \/>\n<meta property=\"og:title\" content=\"Moroccan Ghassoul Clay &#8226; Alquimia Pervane - handmade perfumes and oils\" \/>\n<meta property=\"og:description\" content=\"200g of Moroccan Ghassoul clay in a plastic tub with metal lid.  Sourced in the Atlas Mountains of Morocco, this clay has been valued for centuries due to it&#039;s ability to draw out impurities without dehydrating the skin or hair.  For information on how to use, please see below.\" \/>\n<meta property=\"og:url\" content=\"https:\/\/alquimiapervane.com\/es\/home\/shop\/moroccan-ghassoul-clay-2\/\" \/>\n<meta property=\"og:site_name\" content=\"Alquimia Pervane - handmade perfumes and oils\" \/>\n<meta property=\"article:publisher\" content=\"https:\/\/www.facebook.com\/alquimia.pervane\" \/>\n<meta property=\"article:modified_time\" content=\"2023-03-09T11:24:31+00:00\" \/>\n<meta property=\"og:image\" content=\"https:\/\/alquimiapervane.com\/wp-content\/uploads\/2020\/06\/clay.jpg\" \/>\n\t<meta property=\"og:image:width\" content=\"2048\" \/>\n\t<meta property=\"og:image:height\" content=\"1392\" \/>\n\t<meta property=\"og:image:type\" content=\"image\/jpeg\" \/>\n<meta name=\"twitter:card\" content=\"summary_large_image\" \/>\n<meta name=\"twitter:label1\" content=\"Tiempo de lectura\" \/>\n\t<meta name=\"twitter:data1\" content=\"1 minuto\" \/>\n<script type=\"application\/ld+json\" class=\"yoast-schema-graph\">{\"@context\":\"https:\\\/\\\/schema.org\",\"@graph\":[{\"@type\":\"WebPage\",\"@id\":\"https:\\\/\\\/alquimiapervane.com\\\/home\\\/shop\\\/moroccan-ghassoul-clay-2\\\/\",\"url\":\"https:\\\/\\\/alquimiapervane.com\\\/home\\\/shop\\\/moroccan-ghassoul-clay-2\\\/\",\"name\":\"Moroccan Ghassoul Clay &#8226; Alquimia Pervane - handmade perfumes and oils\",\"isPartOf\":{\"@id\":\"https:\\\/\\\/alquimiapervane.com\\\/#website\"},\"primaryImageOfPage\":{\"@id\":\"https:\\\/\\\/alquimiapervane.com\\\/home\\\/shop\\\/moroccan-ghassoul-clay-2\\\/#primaryimage\"},\"image\":{\"@id\":\"https:\\\/\\\/alquimiapervane.com\\\/home\\\/shop\\\/moroccan-ghassoul-clay-2\\\/#primaryimage\"},\"thumbnailUrl\":\"https:\\\/\\\/i0.wp.com\\\/alquimiapervane.com\\\/wp-content\\\/uploads\\\/2020\\\/06\\\/clay.jpg?fit=2048%2C1392&ssl=1\",\"datePublished\":\"2020-04-28T14:19:18+00:00\",\"dateModified\":\"2023-03-09T11:24:31+00:00\",\"breadcrumb\":{\"@id\":\"https:\\\/\\\/alquimiapervane.com\\\/home\\\/shop\\\/moroccan-ghassoul-clay-2\\\/#breadcrumb\"},\"inLanguage\":\"es\",\"potentialAction\":[{\"@type\":\"ReadAction\",\"target\":[\"https:\\\/\\\/alquimiapervane.com\\\/home\\\/shop\\\/moroccan-ghassoul-clay-2\\\/\"]}]},{\"@type\":\"ImageObject\",\"inLanguage\":\"es\",\"@id\":\"https:\\\/\\\/alquimiapervane.com\\\/home\\\/shop\\\/moroccan-ghassoul-clay-2\\\/#primaryimage\",\"url\":\"https:\\\/\\\/i0.wp.com\\\/alquimiapervane.com\\\/wp-content\\\/uploads\\\/2020\\\/06\\\/clay.jpg?fit=2048%2C1392&ssl=1\",\"contentUrl\":\"https:\\\/\\\/i0.wp.com\\\/alquimiapervane.com\\\/wp-content\\\/uploads\\\/2020\\\/06\\\/clay.jpg?fit=2048%2C1392&ssl=1\",\"width\":2048,\"height\":1392,\"caption\":\"Moroccan clay product photo\"},{\"@type\":\"BreadcrumbList\",\"@id\":\"https:\\\/\\\/alquimiapervane.com\\\/home\\\/shop\\\/moroccan-ghassoul-clay-2\\\/#breadcrumb\",\"itemListElement\":[{\"@type\":\"ListItem\",\"position\":1,\"name\":\"Home\",\"item\":\"https:\\\/\\\/alquimiapervane.com\\\/\"},{\"@type\":\"ListItem\",\"position\":2,\"name\":\"Shop\",\"item\":\"https:\\\/\\\/alquimiapervane.com\\\/home\\\/shop\\\/\"},{\"@type\":\"ListItem\",\"position\":3,\"name\":\"Moroccan Ghassoul Clay\"}]},{\"@type\":\"WebSite\",\"@id\":\"https:\\\/\\\/alquimiapervane.com\\\/#website\",\"url\":\"https:\\\/\\\/alquimiapervane.com\\\/\",\"name\":\"Alquimia Pervane - artisan perfumes and oils\",\"description\":\"Artisanal Perfumes and Oils\",\"publisher\":{\"@id\":\"https:\\\/\\\/alquimiapervane.com\\\/#organization\"},\"potentialAction\":[{\"@type\":\"SearchAction\",\"target\":{\"@type\":\"EntryPoint\",\"urlTemplate\":\"https:\\\/\\\/alquimiapervane.com\\\/?s={search_term_string}\"},\"query-input\":{\"@type\":\"PropertyValueSpecification\",\"valueRequired\":true,\"valueName\":\"search_term_string\"}}],\"inLanguage\":\"es\"},{\"@type\":\"Organization\",\"@id\":\"https:\\\/\\\/alquimiapervane.com\\\/#organization\",\"name\":\"Alquimia Pervane\",\"url\":\"https:\\\/\\\/alquimiapervane.com\\\/\",\"logo\":{\"@type\":\"ImageObject\",\"inLanguage\":\"es\",\"@id\":\"https:\\\/\\\/alquimiapervane.com\\\/#\\\/schema\\\/logo\\\/image\\\/\",\"url\":\"https:\\\/\\\/i0.wp.com\\\/alquimiapervane.com\\\/wp-content\\\/uploads\\\/2020\\\/04\\\/sitelogoinvert.png?fit=470%2C110&ssl=1\",\"contentUrl\":\"https:\\\/\\\/i0.wp.com\\\/alquimiapervane.com\\\/wp-content\\\/uploads\\\/2020\\\/04\\\/sitelogoinvert.png?fit=470%2C110&ssl=1\",\"width\":470,\"height\":110,\"caption\":\"Alquimia Pervane\"},\"image\":{\"@id\":\"https:\\\/\\\/alquimiapervane.com\\\/#\\\/schema\\\/logo\\\/image\\\/\"},\"sameAs\":[\"https:\\\/\\\/www.facebook.com\\\/alquimia.pervane\",\"https:\\\/\\\/www.instagram.com\\\/alquimiapervane\\\/\"]}]}<\/script>\n<!-- \/ Yoast SEO plugin. -->","yoast_head_json":{"title":"Moroccan Ghassoul Clay &#8226; Alquimia Pervane - handmade perfumes and oils","robots":{"index":"index","follow":"follow","max-snippet":"max-snippet:-1","max-image-preview":"max-image-preview:large","max-video-preview":"max-video-preview:-1"},"canonical":"https:\/\/alquimiapervane.com\/es\/home\/shop\/moroccan-ghassoul-clay-2\/","og_locale":"es_ES","og_type":"article","og_title":"Moroccan Ghassoul Clay &#8226; Alquimia Pervane - handmade perfumes and oils","og_description":"200g of Moroccan Ghassoul clay in a plastic tub with metal lid.  Sourced in the Atlas Mountains of Morocco, this clay has been valued for centuries due to it's ability to draw out impurities without dehydrating the skin or hair.  For information on how to use, please see below.","og_url":"https:\/\/alquimiapervane.com\/es\/home\/shop\/moroccan-ghassoul-clay-2\/","og_site_name":"Alquimia Pervane - handmade perfumes and oils","article_publisher":"https:\/\/www.facebook.com\/alquimia.pervane","article_modified_time":"2023-03-09T11:24:31+00:00","og_image":[{"width":2048,"height":1392,"url":"https:\/\/alquimiapervane.com\/wp-content\/uploads\/2020\/06\/clay.jpg","type":"image\/jpeg"}],"twitter_card":"summary_large_image","twitter_misc":{"Tiempo de lectura":"1 minuto"},"schema":{"@context":"https:\/\/schema.org","@graph":[{"@type":"WebPage","@id":"https:\/\/alquimiapervane.com\/home\/shop\/moroccan-ghassoul-clay-2\/","url":"https:\/\/alquimiapervane.com\/home\/shop\/moroccan-ghassoul-clay-2\/","name":"Moroccan Ghassoul Clay &#8226; Alquimia Pervane - handmade perfumes and oils","isPartOf":{"@id":"https:\/\/alquimiapervane.com\/#website"},"primaryImageOfPage":{"@id":"https:\/\/alquimiapervane.com\/home\/shop\/moroccan-ghassoul-clay-2\/#primaryimage"},"image":{"@id":"https:\/\/alquimiapervane.com\/home\/shop\/moroccan-ghassoul-clay-2\/#primaryimage"},"thumbnailUrl":"https:\/\/i0.wp.com\/alquimiapervane.com\/wp-content\/uploads\/2020\/06\/clay.jpg?fit=2048%2C1392&ssl=1","datePublished":"2020-04-28T14:19:18+00:00","dateModified":"2023-03-09T11:24:31+00:00","breadcrumb":{"@id":"https:\/\/alquimiapervane.com\/home\/shop\/moroccan-ghassoul-clay-2\/#breadcrumb"},"inLanguage":"es","potentialAction":[{"@type":"ReadAction","target":["https:\/\/alquimiapervane.com\/home\/shop\/moroccan-ghassoul-clay-2\/"]}]},{"@type":"ImageObject","inLanguage":"es","@id":"https:\/\/alquimiapervane.com\/home\/shop\/moroccan-ghassoul-clay-2\/#primaryimage","url":"https:\/\/i0.wp.com\/alquimiapervane.com\/wp-content\/uploads\/2020\/06\/clay.jpg?fit=2048%2C1392&ssl=1","contentUrl":"https:\/\/i0.wp.com\/alquimiapervane.com\/wp-content\/uploads\/2020\/06\/clay.jpg?fit=2048%2C1392&ssl=1","width":2048,"height":1392,"caption":"Moroccan clay product photo"},{"@type":"BreadcrumbList","@id":"https:\/\/alquimiapervane.com\/home\/shop\/moroccan-ghassoul-clay-2\/#breadcrumb","itemListElement":[{"@type":"ListItem","position":1,"name":"Home","item":"https:\/\/alquimiapervane.com\/"},{"@type":"ListItem","position":2,"name":"Shop","item":"https:\/\/alquimiapervane.com\/home\/shop\/"},{"@type":"ListItem","position":3,"name":"Moroccan Ghassoul Clay"}]},{"@type":"WebSite","@id":"https:\/\/alquimiapervane.com\/#website","url":"https:\/\/alquimiapervane.com\/","name":"Alquimia Pervane - artisan perfumes and oils","description":"Artisanal Perfumes and Oils","publisher":{"@id":"https:\/\/alquimiapervane.com\/#organization"},"potentialAction":[{"@type":"SearchAction","target":{"@type":"EntryPoint","urlTemplate":"https:\/\/alquimiapervane.com\/?s={search_term_string}"},"query-input":{"@type":"PropertyValueSpecification","valueRequired":true,"valueName":"search_term_string"}}],"inLanguage":"es"},{"@type":"Organization","@id":"https:\/\/alquimiapervane.com\/#organization","name":"Alquimia Pervane","url":"https:\/\/alquimiapervane.com\/","logo":{"@type":"ImageObject","inLanguage":"es","@id":"https:\/\/alquimiapervane.com\/#\/schema\/logo\/image\/","url":"https:\/\/i0.wp.com\/alquimiapervane.com\/wp-content\/uploads\/2020\/04\/sitelogoinvert.png?fit=470%2C110&ssl=1","contentUrl":"https:\/\/i0.wp.com\/alquimiapervane.com\/wp-content\/uploads\/2020\/04\/sitelogoinvert.png?fit=470%2C110&ssl=1","width":470,"height":110,"caption":"Alquimia Pervane"},"image":{"@id":"https:\/\/alquimiapervane.com\/#\/schema\/logo\/image\/"},"sameAs":["https:\/\/www.facebook.com\/alquimia.pervane","https:\/\/www.instagram.com\/alquimiapervane\/"]}]}},"jetpack_publicize_connections":[],"jetpack_sharing_enabled":true,"_links":{"self":[{"href":"https:\/\/alquimiapervane.com\/es\/wp-json\/wp\/v2\/product\/899","targetHints":{"allow":["GET"]}}],"collection":[{"href":"https:\/\/alquimiapervane.com\/es\/wp-json\/wp\/v2\/product"}],"about":[{"href":"https:\/\/alquimiapervane.com\/es\/wp-json\/wp\/v2\/types\/product"}],"replies":[{"embeddable":true,"href":"https:\/\/alquimiapervane.com\/es\/wp-json\/wp\/v2\/comments?post=899"}],"wp:featuredmedia":[{"embeddable":true,"href":"https:\/\/alquimiapervane.com\/es\/wp-json\/wp\/v2\/media\/1231"}],"wp:attachment":[{"href":"https:\/\/alquimiapervane.com\/es\/wp-json\/wp\/v2\/media?parent=899"}],"wp:term":[{"taxonomy":"product_brand","embeddable":true,"href":"https:\/\/alquimiapervane.com\/es\/wp-json\/wp\/v2\/product_brand?post=899"},{"taxonomy":"product_cat","embeddable":true,"href":"https:\/\/alquimiapervane.com\/es\/wp-json\/wp\/v2\/product_cat?post=899"},{"taxonomy":"product_tag","embeddable":true,"href":"https:\/\/alquimiapervane.com\/es\/wp-json\/wp\/v2\/product_tag?post=899"},{"taxonomy":"product_folder","embeddable":true,"href":"https:\/\/alquimiapervane.com\/es\/wp-json\/wp\/v2\/product_folder?post=899"}],"curies":[{"name":"wp","href":"https:\/\/api.w.org\/{rel}","templated":true}]}}