{"id":897,"date":"2020-04-28T14:33:25","date_gmt":"2020-04-28T14:33:25","guid":{"rendered":"http:\/\/box5530.temp.domains\/~alquimj4\/?post_type=product&#038;p=897"},"modified":"2025-04-11T06:46:55","modified_gmt":"2025-04-11T06:46:55","slug":"resins-and-woods-in-test-tube","status":"publish","type":"product","link":"https:\/\/alquimiapervane.com\/es\/home\/shop\/resins-and-woods-in-test-tube\/","title":{"rendered":"Resinas y Maderas en Tubo de Ensayo"},"content":{"rendered":"","protected":false},"excerpt":{"rendered":"<p>Nuestra selecci\u00f3n de resinas y maderas, cada una en un tubo de ensayo de vidrio con tapa de corcho.<\/p>\n<p>Las resinas se deben quemar en un recipiente, no inflamable, con la ayuda de un carb\u00f3n o en un quemador de resinas el\u00e9ctrico.<\/p>\n<p>Las resinas se pueden mezclar entre s\u00ed para crear un aroma m\u00e1s complejo y personalizado. Adem\u00e1s, puede experimentar agregando especias y hierbas arom\u00e1ticas secas para crear su propia mezcla \u00fanica.<\/p>\n<p>La madera de Palo Santo generalmente se encienden en un extremo, se apaga la llama y el humo se usa para purificar o perfumar el aire circundante.<\/p>","protected":false},"featured_media":1354,"comment_status":"open","ping_status":"closed","template":"","meta":{"om_disable_all_campaigns":false,"_monsterinsights_skip_tracking":false,"_monsterinsights_sitenote_active":false,"_monsterinsights_sitenote_note":"","_monsterinsights_sitenote_category":0,"jetpack_post_was_ever_published":false,"jetpack_publicize_message":"","jetpack_publicize_feature_enabled":true,"jetpack_social_post_already_shared":true,"jetpack_social_options":{"image_generator_settings":{"template":"highway","default_image_id":0,"font":"","enabled":false},"version":2}},"product_brand":[],"product_cat":[39],"product_tag":[91,92,94,93,89,90,88],"product_folder":[],"class_list":{"0":"post-897","1":"product","2":"type-product","3":"status-publish","4":"has-post-thumbnail","6":"product_cat-for-the-house","7":"product_tag-benzoin","8":"product_tag-copal","9":"product_tag-frankincense","10":"product_tag-myrrh","11":"product_tag-natural-incense","12":"product_tag-palo-santo","13":"product_tag-resins","15":"first","16":"instock","17":"shipping-taxable","18":"purchasable","19":"product-type-variable"},"yoast_head":"<!-- This site is optimized with the Yoast SEO plugin v27.4 - https:\/\/yoast.com\/product\/yoast-seo-wordpress\/ -->\n<title>Resins and Woods in Test Tube &#8226; Alquimia Pervane - handmade perfumes and oils<\/title>\n<meta name=\"robots\" content=\"index, follow, max-snippet:-1, max-image-preview:large, max-video-preview:-1\" \/>\n<link rel=\"canonical\" href=\"https:\/\/alquimiapervane.com\/es\/home\/shop\/resins-and-woods-in-test-tube\/\" \/>\n<meta property=\"og:locale\" content=\"es_ES\" \/>\n<meta property=\"og:type\" content=\"article\" \/>\n<meta property=\"og:title\" content=\"Resins and Woods in Test Tube &#8226; Alquimia Pervane - handmade perfumes and oils\" \/>\n<meta property=\"og:description\" content=\"Our selection of tree resins and woods, each in a glass test tube with cork lid.  The resins are to be burned in your house using a charcoal incense burner, or an electrical resin burner.  The resins can be mixed with each other to create a more complex and personalised aroma. Further, you can experiment by adding dried aromatic herbs and spices to create your own unique blend.  The Palo Santo sticks are usually set alight at one end, the flame blown out and then the smoke from the smouldering wood used to purify or scent the surrounding air.\" \/>\n<meta property=\"og:url\" content=\"https:\/\/alquimiapervane.com\/es\/home\/shop\/resins-and-woods-in-test-tube\/\" \/>\n<meta property=\"og:site_name\" content=\"Alquimia Pervane - handmade perfumes and oils\" \/>\n<meta property=\"article:publisher\" content=\"https:\/\/www.facebook.com\/alquimia.pervane\" \/>\n<meta property=\"article:modified_time\" content=\"2025-04-11T06:46:55+00:00\" \/>\n<meta property=\"og:image\" content=\"https:\/\/i0.wp.com\/alquimiapervane.com\/wp-content\/uploads\/2020\/06\/resins-group-image.jpg?fit=2048%2C1755&ssl=1\" \/>\n\t<meta property=\"og:image:width\" content=\"2048\" \/>\n\t<meta property=\"og:image:height\" content=\"1755\" \/>\n\t<meta property=\"og:image:type\" content=\"image\/jpeg\" \/>\n<meta name=\"twitter:card\" content=\"summary_large_image\" \/>\n<script type=\"application\/ld+json\" class=\"yoast-schema-graph\">{\"@context\":\"https:\\\/\\\/schema.org\",\"@graph\":[{\"@type\":\"WebPage\",\"@id\":\"https:\\\/\\\/alquimiapervane.com\\\/es\\\/home\\\/shop\\\/resins-and-woods-in-test-tube\\\/\",\"url\":\"https:\\\/\\\/alquimiapervane.com\\\/es\\\/home\\\/shop\\\/resins-and-woods-in-test-tube\\\/\",\"name\":\"Resins and Woods in Test Tube &#8226; Alquimia Pervane - handmade perfumes and oils\",\"isPartOf\":{\"@id\":\"https:\\\/\\\/alquimiapervane.com\\\/#website\"},\"primaryImageOfPage\":{\"@id\":\"https:\\\/\\\/alquimiapervane.com\\\/es\\\/home\\\/shop\\\/resins-and-woods-in-test-tube\\\/#primaryimage\"},\"image\":{\"@id\":\"https:\\\/\\\/alquimiapervane.com\\\/es\\\/home\\\/shop\\\/resins-and-woods-in-test-tube\\\/#primaryimage\"},\"thumbnailUrl\":\"https:\\\/\\\/i0.wp.com\\\/alquimiapervane.com\\\/wp-content\\\/uploads\\\/2020\\\/06\\\/resins-group-image.jpg?fit=2048%2C1755&ssl=1\",\"datePublished\":\"2020-04-28T14:33:25+00:00\",\"dateModified\":\"2025-04-11T06:46:55+00:00\",\"breadcrumb\":{\"@id\":\"https:\\\/\\\/alquimiapervane.com\\\/es\\\/home\\\/shop\\\/resins-and-woods-in-test-tube\\\/#breadcrumb\"},\"inLanguage\":\"es\",\"potentialAction\":[{\"@type\":\"ReadAction\",\"target\":[\"https:\\\/\\\/alquimiapervane.com\\\/es\\\/home\\\/shop\\\/resins-and-woods-in-test-tube\\\/\"]}]},{\"@type\":\"ImageObject\",\"inLanguage\":\"es\",\"@id\":\"https:\\\/\\\/alquimiapervane.com\\\/es\\\/home\\\/shop\\\/resins-and-woods-in-test-tube\\\/#primaryimage\",\"url\":\"https:\\\/\\\/i0.wp.com\\\/alquimiapervane.com\\\/wp-content\\\/uploads\\\/2020\\\/06\\\/resins-group-image.jpg?fit=2048%2C1755&ssl=1\",\"contentUrl\":\"https:\\\/\\\/i0.wp.com\\\/alquimiapervane.com\\\/wp-content\\\/uploads\\\/2020\\\/06\\\/resins-group-image.jpg?fit=2048%2C1755&ssl=1\",\"width\":2048,\"height\":1755,\"caption\":\"resins and woods in test tube product photo\"},{\"@type\":\"BreadcrumbList\",\"@id\":\"https:\\\/\\\/alquimiapervane.com\\\/es\\\/home\\\/shop\\\/resins-and-woods-in-test-tube\\\/#breadcrumb\",\"itemListElement\":[{\"@type\":\"ListItem\",\"position\":1,\"name\":\"Home\",\"item\":\"https:\\\/\\\/alquimiapervane.com\\\/\"},{\"@type\":\"ListItem\",\"position\":2,\"name\":\"Shop\",\"item\":\"https:\\\/\\\/alquimiapervane.com\\\/home\\\/shop\\\/\"},{\"@type\":\"ListItem\",\"position\":3,\"name\":\"Resins and Woods in Test Tube\"}]},{\"@type\":\"WebSite\",\"@id\":\"https:\\\/\\\/alquimiapervane.com\\\/#website\",\"url\":\"https:\\\/\\\/alquimiapervane.com\\\/\",\"name\":\"Alquimia Pervane - artisan perfumes and oils\",\"description\":\"Artisanal Perfumes and Oils\",\"publisher\":{\"@id\":\"https:\\\/\\\/alquimiapervane.com\\\/#organization\"},\"potentialAction\":[{\"@type\":\"SearchAction\",\"target\":{\"@type\":\"EntryPoint\",\"urlTemplate\":\"https:\\\/\\\/alquimiapervane.com\\\/?s={search_term_string}\"},\"query-input\":{\"@type\":\"PropertyValueSpecification\",\"valueRequired\":true,\"valueName\":\"search_term_string\"}}],\"inLanguage\":\"es\"},{\"@type\":\"Organization\",\"@id\":\"https:\\\/\\\/alquimiapervane.com\\\/#organization\",\"name\":\"Alquimia Pervane\",\"url\":\"https:\\\/\\\/alquimiapervane.com\\\/\",\"logo\":{\"@type\":\"ImageObject\",\"inLanguage\":\"es\",\"@id\":\"https:\\\/\\\/alquimiapervane.com\\\/#\\\/schema\\\/logo\\\/image\\\/\",\"url\":\"https:\\\/\\\/i0.wp.com\\\/alquimiapervane.com\\\/wp-content\\\/uploads\\\/2020\\\/04\\\/sitelogoinvert.png?fit=470%2C110&ssl=1\",\"contentUrl\":\"https:\\\/\\\/i0.wp.com\\\/alquimiapervane.com\\\/wp-content\\\/uploads\\\/2020\\\/04\\\/sitelogoinvert.png?fit=470%2C110&ssl=1\",\"width\":470,\"height\":110,\"caption\":\"Alquimia Pervane\"},\"image\":{\"@id\":\"https:\\\/\\\/alquimiapervane.com\\\/#\\\/schema\\\/logo\\\/image\\\/\"},\"sameAs\":[\"https:\\\/\\\/www.facebook.com\\\/alquimia.pervane\",\"https:\\\/\\\/www.instagram.com\\\/alquimiapervane\\\/\"]}]}<\/script>\n<!-- \/ Yoast SEO plugin. -->","yoast_head_json":{"title":"Resins and Woods in Test Tube &#8226; Alquimia Pervane - handmade perfumes and oils","robots":{"index":"index","follow":"follow","max-snippet":"max-snippet:-1","max-image-preview":"max-image-preview:large","max-video-preview":"max-video-preview:-1"},"canonical":"https:\/\/alquimiapervane.com\/es\/home\/shop\/resins-and-woods-in-test-tube\/","og_locale":"es_ES","og_type":"article","og_title":"Resins and Woods in Test Tube &#8226; Alquimia Pervane - handmade perfumes and oils","og_description":"Our selection of tree resins and woods, each in a glass test tube with cork lid.  The resins are to be burned in your house using a charcoal incense burner, or an electrical resin burner.  The resins can be mixed with each other to create a more complex and personalised aroma. Further, you can experiment by adding dried aromatic herbs and spices to create your own unique blend.  The Palo Santo sticks are usually set alight at one end, the flame blown out and then the smoke from the smouldering wood used to purify or scent the surrounding air.","og_url":"https:\/\/alquimiapervane.com\/es\/home\/shop\/resins-and-woods-in-test-tube\/","og_site_name":"Alquimia Pervane - handmade perfumes and oils","article_publisher":"https:\/\/www.facebook.com\/alquimia.pervane","article_modified_time":"2025-04-11T06:46:55+00:00","og_image":[{"width":2048,"height":1755,"url":"https:\/\/i0.wp.com\/alquimiapervane.com\/wp-content\/uploads\/2020\/06\/resins-group-image.jpg?fit=2048%2C1755&ssl=1","type":"image\/jpeg"}],"twitter_card":"summary_large_image","schema":{"@context":"https:\/\/schema.org","@graph":[{"@type":"WebPage","@id":"https:\/\/alquimiapervane.com\/es\/home\/shop\/resins-and-woods-in-test-tube\/","url":"https:\/\/alquimiapervane.com\/es\/home\/shop\/resins-and-woods-in-test-tube\/","name":"Resins and Woods in Test Tube &#8226; Alquimia Pervane - handmade perfumes and oils","isPartOf":{"@id":"https:\/\/alquimiapervane.com\/#website"},"primaryImageOfPage":{"@id":"https:\/\/alquimiapervane.com\/es\/home\/shop\/resins-and-woods-in-test-tube\/#primaryimage"},"image":{"@id":"https:\/\/alquimiapervane.com\/es\/home\/shop\/resins-and-woods-in-test-tube\/#primaryimage"},"thumbnailUrl":"https:\/\/i0.wp.com\/alquimiapervane.com\/wp-content\/uploads\/2020\/06\/resins-group-image.jpg?fit=2048%2C1755&ssl=1","datePublished":"2020-04-28T14:33:25+00:00","dateModified":"2025-04-11T06:46:55+00:00","breadcrumb":{"@id":"https:\/\/alquimiapervane.com\/es\/home\/shop\/resins-and-woods-in-test-tube\/#breadcrumb"},"inLanguage":"es","potentialAction":[{"@type":"ReadAction","target":["https:\/\/alquimiapervane.com\/es\/home\/shop\/resins-and-woods-in-test-tube\/"]}]},{"@type":"ImageObject","inLanguage":"es","@id":"https:\/\/alquimiapervane.com\/es\/home\/shop\/resins-and-woods-in-test-tube\/#primaryimage","url":"https:\/\/i0.wp.com\/alquimiapervane.com\/wp-content\/uploads\/2020\/06\/resins-group-image.jpg?fit=2048%2C1755&ssl=1","contentUrl":"https:\/\/i0.wp.com\/alquimiapervane.com\/wp-content\/uploads\/2020\/06\/resins-group-image.jpg?fit=2048%2C1755&ssl=1","width":2048,"height":1755,"caption":"resins and woods in test tube product photo"},{"@type":"BreadcrumbList","@id":"https:\/\/alquimiapervane.com\/es\/home\/shop\/resins-and-woods-in-test-tube\/#breadcrumb","itemListElement":[{"@type":"ListItem","position":1,"name":"Home","item":"https:\/\/alquimiapervane.com\/"},{"@type":"ListItem","position":2,"name":"Shop","item":"https:\/\/alquimiapervane.com\/home\/shop\/"},{"@type":"ListItem","position":3,"name":"Resins and Woods in Test Tube"}]},{"@type":"WebSite","@id":"https:\/\/alquimiapervane.com\/#website","url":"https:\/\/alquimiapervane.com\/","name":"Alquimia Pervane - artisan perfumes and oils","description":"Artisanal Perfumes and Oils","publisher":{"@id":"https:\/\/alquimiapervane.com\/#organization"},"potentialAction":[{"@type":"SearchAction","target":{"@type":"EntryPoint","urlTemplate":"https:\/\/alquimiapervane.com\/?s={search_term_string}"},"query-input":{"@type":"PropertyValueSpecification","valueRequired":true,"valueName":"search_term_string"}}],"inLanguage":"es"},{"@type":"Organization","@id":"https:\/\/alquimiapervane.com\/#organization","name":"Alquimia Pervane","url":"https:\/\/alquimiapervane.com\/","logo":{"@type":"ImageObject","inLanguage":"es","@id":"https:\/\/alquimiapervane.com\/#\/schema\/logo\/image\/","url":"https:\/\/i0.wp.com\/alquimiapervane.com\/wp-content\/uploads\/2020\/04\/sitelogoinvert.png?fit=470%2C110&ssl=1","contentUrl":"https:\/\/i0.wp.com\/alquimiapervane.com\/wp-content\/uploads\/2020\/04\/sitelogoinvert.png?fit=470%2C110&ssl=1","width":470,"height":110,"caption":"Alquimia Pervane"},"image":{"@id":"https:\/\/alquimiapervane.com\/#\/schema\/logo\/image\/"},"sameAs":["https:\/\/www.facebook.com\/alquimia.pervane","https:\/\/www.instagram.com\/alquimiapervane\/"]}]}},"jetpack_publicize_connections":[],"jetpack_sharing_enabled":true,"_links":{"self":[{"href":"https:\/\/alquimiapervane.com\/es\/wp-json\/wp\/v2\/product\/897","targetHints":{"allow":["GET"]}}],"collection":[{"href":"https:\/\/alquimiapervane.com\/es\/wp-json\/wp\/v2\/product"}],"about":[{"href":"https:\/\/alquimiapervane.com\/es\/wp-json\/wp\/v2\/types\/product"}],"replies":[{"embeddable":true,"href":"https:\/\/alquimiapervane.com\/es\/wp-json\/wp\/v2\/comments?post=897"}],"wp:featuredmedia":[{"embeddable":true,"href":"https:\/\/alquimiapervane.com\/es\/wp-json\/wp\/v2\/media\/1354"}],"wp:attachment":[{"href":"https:\/\/alquimiapervane.com\/es\/wp-json\/wp\/v2\/media?parent=897"}],"wp:term":[{"taxonomy":"product_brand","embeddable":true,"href":"https:\/\/alquimiapervane.com\/es\/wp-json\/wp\/v2\/product_brand?post=897"},{"taxonomy":"product_cat","embeddable":true,"href":"https:\/\/alquimiapervane.com\/es\/wp-json\/wp\/v2\/product_cat?post=897"},{"taxonomy":"product_tag","embeddable":true,"href":"https:\/\/alquimiapervane.com\/es\/wp-json\/wp\/v2\/product_tag?post=897"},{"taxonomy":"product_folder","embeddable":true,"href":"https:\/\/alquimiapervane.com\/es\/wp-json\/wp\/v2\/product_folder?post=897"}],"curies":[{"name":"wp","href":"https:\/\/api.w.org\/{rel}","templated":true}]}}