{"id":689,"date":"2020-04-25T18:34:03","date_gmt":"2020-04-25T18:34:03","guid":{"rendered":"http:\/\/box5530.temp.domains\/~alquimj4\/?post_type=product&#038;p=689"},"modified":"2026-01-23T12:48:45","modified_gmt":"2026-01-23T12:48:45","slug":"massage-oil","status":"publish","type":"product","link":"https:\/\/alquimiapervane.com\/es\/home\/shop\/massage-oil\/","title":{"rendered":"Acietes de Masaje"},"content":{"rendered":"","protected":false},"excerpt":{"rendered":"<p>2\u00aa UNIDAD AL 50%! El descuento aparecera en el carrrito.<\/p>\n<p>100ml de aceite de masaje hecho a mano en una bote de vidrio con tapa y base de metal artesanal. Nuestros aceites de masaje tienen una base de aceite de coco y almendras de primera presi\u00f3n en fr\u00edo, con 11 aromas para que usted elija. Cada bote viene en una caja de presentaci\u00f3n de cart\u00f3n amarilla, por lo que es un regalo ideal.<\/p>","protected":false},"featured_media":1300,"comment_status":"open","ping_status":"closed","template":"","meta":{"om_disable_all_campaigns":false,"_monsterinsights_skip_tracking":false,"_monsterinsights_sitenote_active":false,"_monsterinsights_sitenote_note":"","_monsterinsights_sitenote_category":0,"jetpack_post_was_ever_published":false,"jetpack_publicize_message":"","jetpack_publicize_feature_enabled":true,"jetpack_social_post_already_shared":true,"jetpack_social_options":{"image_generator_settings":{"template":"highway","default_image_id":0,"font":"","enabled":false},"version":2}},"product_brand":[],"product_cat":[32],"product_tag":[146,157,128],"product_folder":[],"class_list":{"0":"post-689","1":"product","2":"type-product","3":"status-publish","4":"has-post-thumbnail","6":"product_cat-massage-oils","7":"product_tag-gift","8":"product_tag-handmade","9":"product_tag-massage-oil","11":"first","12":"outofstock","13":"shipping-taxable","14":"purchasable","15":"product-type-variable"},"yoast_head":"<!-- This site is optimized with the Yoast SEO plugin v27.5 - https:\/\/yoast.com\/product\/yoast-seo-wordpress\/ -->\n<title>Massage Oils &#8226; Alquimia Pervane - handmade perfumes and oils<\/title>\n<meta name=\"robots\" content=\"index, follow, max-snippet:-1, max-image-preview:large, max-video-preview:-1\" \/>\n<link rel=\"canonical\" href=\"https:\/\/alquimiapervane.com\/es\/home\/shop\/massage-oil\/\" \/>\n<meta property=\"og:locale\" content=\"es_ES\" \/>\n<meta property=\"og:type\" content=\"article\" \/>\n<meta property=\"og:title\" content=\"Massage Oils &#8226; Alquimia Pervane - handmade perfumes and oils\" \/>\n<meta property=\"og:description\" content=\"BUY ONE, GET THE SECOND HALF PRICE! Please note, discount will show in cart.  100ml of handmade massage oil in a glass bottle with artisan metal lid and base.\u00a0 Our massage oils each have a base of coconut and almond oil, with 11 scents for you to choose from.\u00a0 Each bottle comes in a yellow cardboard presentation box, making it an ideal gift.\" \/>\n<meta property=\"og:url\" content=\"https:\/\/alquimiapervane.com\/es\/home\/shop\/massage-oil\/\" \/>\n<meta property=\"og:site_name\" content=\"Alquimia Pervane - handmade perfumes and oils\" \/>\n<meta property=\"article:publisher\" content=\"https:\/\/www.facebook.com\/alquimia.pervane\" \/>\n<meta property=\"article:modified_time\" content=\"2026-01-23T12:48:45+00:00\" \/>\n<meta property=\"og:image\" content=\"https:\/\/alquimiapervane.com\/wp-content\/uploads\/2020\/06\/MO_group.jpg\" \/>\n\t<meta property=\"og:image:width\" content=\"2048\" \/>\n\t<meta property=\"og:image:height\" content=\"1486\" \/>\n\t<meta property=\"og:image:type\" content=\"image\/jpeg\" \/>\n<meta name=\"twitter:card\" content=\"summary_large_image\" \/>\n<script type=\"application\/ld+json\" class=\"yoast-schema-graph\">{\"@context\":\"https:\\\/\\\/schema.org\",\"@graph\":[{\"@type\":\"WebPage\",\"@id\":\"https:\\\/\\\/alquimiapervane.com\\\/home\\\/shop\\\/massage-oil\\\/\",\"url\":\"https:\\\/\\\/alquimiapervane.com\\\/home\\\/shop\\\/massage-oil\\\/\",\"name\":\"Massage Oils &#8226; Alquimia Pervane - handmade perfumes and oils\",\"isPartOf\":{\"@id\":\"https:\\\/\\\/alquimiapervane.com\\\/#website\"},\"primaryImageOfPage\":{\"@id\":\"https:\\\/\\\/alquimiapervane.com\\\/home\\\/shop\\\/massage-oil\\\/#primaryimage\"},\"image\":{\"@id\":\"https:\\\/\\\/alquimiapervane.com\\\/home\\\/shop\\\/massage-oil\\\/#primaryimage\"},\"thumbnailUrl\":\"https:\\\/\\\/i0.wp.com\\\/alquimiapervane.com\\\/wp-content\\\/uploads\\\/2020\\\/06\\\/MO_group.jpg?fit=2048%2C1486&ssl=1\",\"datePublished\":\"2020-04-25T18:34:03+00:00\",\"dateModified\":\"2026-01-23T12:48:45+00:00\",\"breadcrumb\":{\"@id\":\"https:\\\/\\\/alquimiapervane.com\\\/home\\\/shop\\\/massage-oil\\\/#breadcrumb\"},\"inLanguage\":\"es\",\"potentialAction\":[{\"@type\":\"ReadAction\",\"target\":[\"https:\\\/\\\/alquimiapervane.com\\\/home\\\/shop\\\/massage-oil\\\/\"]}]},{\"@type\":\"ImageObject\",\"inLanguage\":\"es\",\"@id\":\"https:\\\/\\\/alquimiapervane.com\\\/home\\\/shop\\\/massage-oil\\\/#primaryimage\",\"url\":\"https:\\\/\\\/i0.wp.com\\\/alquimiapervane.com\\\/wp-content\\\/uploads\\\/2020\\\/06\\\/MO_group.jpg?fit=2048%2C1486&ssl=1\",\"contentUrl\":\"https:\\\/\\\/i0.wp.com\\\/alquimiapervane.com\\\/wp-content\\\/uploads\\\/2020\\\/06\\\/MO_group.jpg?fit=2048%2C1486&ssl=1\",\"width\":2048,\"height\":1486,\"caption\":\"massage oils category product photo\"},{\"@type\":\"BreadcrumbList\",\"@id\":\"https:\\\/\\\/alquimiapervane.com\\\/home\\\/shop\\\/massage-oil\\\/#breadcrumb\",\"itemListElement\":[{\"@type\":\"ListItem\",\"position\":1,\"name\":\"Home\",\"item\":\"https:\\\/\\\/alquimiapervane.com\\\/\"},{\"@type\":\"ListItem\",\"position\":2,\"name\":\"Shop\",\"item\":\"https:\\\/\\\/alquimiapervane.com\\\/home\\\/shop\\\/\"},{\"@type\":\"ListItem\",\"position\":3,\"name\":\"Massage Oils\"}]},{\"@type\":\"WebSite\",\"@id\":\"https:\\\/\\\/alquimiapervane.com\\\/#website\",\"url\":\"https:\\\/\\\/alquimiapervane.com\\\/\",\"name\":\"Alquimia Pervane - artisan perfumes and oils\",\"description\":\"Artisanal Perfumes and Oils\",\"publisher\":{\"@id\":\"https:\\\/\\\/alquimiapervane.com\\\/#organization\"},\"potentialAction\":[{\"@type\":\"SearchAction\",\"target\":{\"@type\":\"EntryPoint\",\"urlTemplate\":\"https:\\\/\\\/alquimiapervane.com\\\/?s={search_term_string}\"},\"query-input\":{\"@type\":\"PropertyValueSpecification\",\"valueRequired\":true,\"valueName\":\"search_term_string\"}}],\"inLanguage\":\"es\"},{\"@type\":\"Organization\",\"@id\":\"https:\\\/\\\/alquimiapervane.com\\\/#organization\",\"name\":\"Alquimia Pervane\",\"url\":\"https:\\\/\\\/alquimiapervane.com\\\/\",\"logo\":{\"@type\":\"ImageObject\",\"inLanguage\":\"es\",\"@id\":\"https:\\\/\\\/alquimiapervane.com\\\/#\\\/schema\\\/logo\\\/image\\\/\",\"url\":\"https:\\\/\\\/i0.wp.com\\\/alquimiapervane.com\\\/wp-content\\\/uploads\\\/2020\\\/04\\\/sitelogoinvert.png?fit=470%2C110&ssl=1\",\"contentUrl\":\"https:\\\/\\\/i0.wp.com\\\/alquimiapervane.com\\\/wp-content\\\/uploads\\\/2020\\\/04\\\/sitelogoinvert.png?fit=470%2C110&ssl=1\",\"width\":470,\"height\":110,\"caption\":\"Alquimia Pervane\"},\"image\":{\"@id\":\"https:\\\/\\\/alquimiapervane.com\\\/#\\\/schema\\\/logo\\\/image\\\/\"},\"sameAs\":[\"https:\\\/\\\/www.facebook.com\\\/alquimia.pervane\",\"https:\\\/\\\/www.instagram.com\\\/alquimiapervane\\\/\"]}]}<\/script>\n<!-- \/ Yoast SEO plugin. -->","yoast_head_json":{"title":"Massage Oils &#8226; Alquimia Pervane - handmade perfumes and oils","robots":{"index":"index","follow":"follow","max-snippet":"max-snippet:-1","max-image-preview":"max-image-preview:large","max-video-preview":"max-video-preview:-1"},"canonical":"https:\/\/alquimiapervane.com\/es\/home\/shop\/massage-oil\/","og_locale":"es_ES","og_type":"article","og_title":"Massage Oils &#8226; Alquimia Pervane - handmade perfumes and oils","og_description":"BUY ONE, GET THE SECOND HALF PRICE! Please note, discount will show in cart.  100ml of handmade massage oil in a glass bottle with artisan metal lid and base.\u00a0 Our massage oils each have a base of coconut and almond oil, with 11 scents for you to choose from.\u00a0 Each bottle comes in a yellow cardboard presentation box, making it an ideal gift.","og_url":"https:\/\/alquimiapervane.com\/es\/home\/shop\/massage-oil\/","og_site_name":"Alquimia Pervane - handmade perfumes and oils","article_publisher":"https:\/\/www.facebook.com\/alquimia.pervane","article_modified_time":"2026-01-23T12:48:45+00:00","og_image":[{"width":2048,"height":1486,"url":"https:\/\/alquimiapervane.com\/wp-content\/uploads\/2020\/06\/MO_group.jpg","type":"image\/jpeg"}],"twitter_card":"summary_large_image","schema":{"@context":"https:\/\/schema.org","@graph":[{"@type":"WebPage","@id":"https:\/\/alquimiapervane.com\/home\/shop\/massage-oil\/","url":"https:\/\/alquimiapervane.com\/home\/shop\/massage-oil\/","name":"Massage Oils &#8226; Alquimia Pervane - handmade perfumes and oils","isPartOf":{"@id":"https:\/\/alquimiapervane.com\/#website"},"primaryImageOfPage":{"@id":"https:\/\/alquimiapervane.com\/home\/shop\/massage-oil\/#primaryimage"},"image":{"@id":"https:\/\/alquimiapervane.com\/home\/shop\/massage-oil\/#primaryimage"},"thumbnailUrl":"https:\/\/i0.wp.com\/alquimiapervane.com\/wp-content\/uploads\/2020\/06\/MO_group.jpg?fit=2048%2C1486&ssl=1","datePublished":"2020-04-25T18:34:03+00:00","dateModified":"2026-01-23T12:48:45+00:00","breadcrumb":{"@id":"https:\/\/alquimiapervane.com\/home\/shop\/massage-oil\/#breadcrumb"},"inLanguage":"es","potentialAction":[{"@type":"ReadAction","target":["https:\/\/alquimiapervane.com\/home\/shop\/massage-oil\/"]}]},{"@type":"ImageObject","inLanguage":"es","@id":"https:\/\/alquimiapervane.com\/home\/shop\/massage-oil\/#primaryimage","url":"https:\/\/i0.wp.com\/alquimiapervane.com\/wp-content\/uploads\/2020\/06\/MO_group.jpg?fit=2048%2C1486&ssl=1","contentUrl":"https:\/\/i0.wp.com\/alquimiapervane.com\/wp-content\/uploads\/2020\/06\/MO_group.jpg?fit=2048%2C1486&ssl=1","width":2048,"height":1486,"caption":"massage oils category product photo"},{"@type":"BreadcrumbList","@id":"https:\/\/alquimiapervane.com\/home\/shop\/massage-oil\/#breadcrumb","itemListElement":[{"@type":"ListItem","position":1,"name":"Home","item":"https:\/\/alquimiapervane.com\/"},{"@type":"ListItem","position":2,"name":"Shop","item":"https:\/\/alquimiapervane.com\/home\/shop\/"},{"@type":"ListItem","position":3,"name":"Massage Oils"}]},{"@type":"WebSite","@id":"https:\/\/alquimiapervane.com\/#website","url":"https:\/\/alquimiapervane.com\/","name":"Alquimia Pervane - artisan perfumes and oils","description":"Artisanal Perfumes and Oils","publisher":{"@id":"https:\/\/alquimiapervane.com\/#organization"},"potentialAction":[{"@type":"SearchAction","target":{"@type":"EntryPoint","urlTemplate":"https:\/\/alquimiapervane.com\/?s={search_term_string}"},"query-input":{"@type":"PropertyValueSpecification","valueRequired":true,"valueName":"search_term_string"}}],"inLanguage":"es"},{"@type":"Organization","@id":"https:\/\/alquimiapervane.com\/#organization","name":"Alquimia Pervane","url":"https:\/\/alquimiapervane.com\/","logo":{"@type":"ImageObject","inLanguage":"es","@id":"https:\/\/alquimiapervane.com\/#\/schema\/logo\/image\/","url":"https:\/\/i0.wp.com\/alquimiapervane.com\/wp-content\/uploads\/2020\/04\/sitelogoinvert.png?fit=470%2C110&ssl=1","contentUrl":"https:\/\/i0.wp.com\/alquimiapervane.com\/wp-content\/uploads\/2020\/04\/sitelogoinvert.png?fit=470%2C110&ssl=1","width":470,"height":110,"caption":"Alquimia Pervane"},"image":{"@id":"https:\/\/alquimiapervane.com\/#\/schema\/logo\/image\/"},"sameAs":["https:\/\/www.facebook.com\/alquimia.pervane","https:\/\/www.instagram.com\/alquimiapervane\/"]}]}},"jetpack_publicize_connections":[],"jetpack_sharing_enabled":true,"_links":{"self":[{"href":"https:\/\/alquimiapervane.com\/es\/wp-json\/wp\/v2\/product\/689","targetHints":{"allow":["GET"]}}],"collection":[{"href":"https:\/\/alquimiapervane.com\/es\/wp-json\/wp\/v2\/product"}],"about":[{"href":"https:\/\/alquimiapervane.com\/es\/wp-json\/wp\/v2\/types\/product"}],"replies":[{"embeddable":true,"href":"https:\/\/alquimiapervane.com\/es\/wp-json\/wp\/v2\/comments?post=689"}],"wp:featuredmedia":[{"embeddable":true,"href":"https:\/\/alquimiapervane.com\/es\/wp-json\/wp\/v2\/media\/1300"}],"wp:attachment":[{"href":"https:\/\/alquimiapervane.com\/es\/wp-json\/wp\/v2\/media?parent=689"}],"wp:term":[{"taxonomy":"product_brand","embeddable":true,"href":"https:\/\/alquimiapervane.com\/es\/wp-json\/wp\/v2\/product_brand?post=689"},{"taxonomy":"product_cat","embeddable":true,"href":"https:\/\/alquimiapervane.com\/es\/wp-json\/wp\/v2\/product_cat?post=689"},{"taxonomy":"product_tag","embeddable":true,"href":"https:\/\/alquimiapervane.com\/es\/wp-json\/wp\/v2\/product_tag?post=689"},{"taxonomy":"product_folder","embeddable":true,"href":"https:\/\/alquimiapervane.com\/es\/wp-json\/wp\/v2\/product_folder?post=689"}],"curies":[{"name":"wp","href":"https:\/\/api.w.org\/{rel}","templated":true}]}}