{"id":338,"date":"2020-04-23T17:35:48","date_gmt":"2020-04-23T17:35:48","guid":{"rendered":"http:\/\/box5530.temp.domains\/~alquimj4\/?post_type=product&#038;p=338"},"modified":"2026-04-08T14:26:39","modified_gmt":"2026-04-08T14:26:39","slug":"eau-de-toilette","status":"publish","type":"product","link":"https:\/\/alquimiapervane.com\/es\/home\/shop\/eau-de-toilette\/","title":{"rendered":"Eau de Toilettes"},"content":{"rendered":"","protected":false},"excerpt":{"rendered":"<p>100 ml de Eau de Toilette hecho a mano con 27 aromas tentadores para que elijas. Cada uno viene en una atractiva botella de vidrio con tap\u00f3n de spray, tapa y base de metal artesanal. Empaquetado en una atractiva caja de presentaci\u00f3n de cart\u00f3n amarillo, lo que lo convierte en un regalo ideal.<\/p>","protected":false},"featured_media":1262,"comment_status":"open","ping_status":"closed","template":"","meta":{"om_disable_all_campaigns":false,"_monsterinsights_skip_tracking":false,"_monsterinsights_sitenote_active":false,"_monsterinsights_sitenote_note":"","_monsterinsights_sitenote_category":0,"jetpack_post_was_ever_published":false,"jetpack_publicize_message":"","jetpack_publicize_feature_enabled":true,"jetpack_social_post_already_shared":true,"jetpack_social_options":{"image_generator_settings":{"template":"highway","default_image_id":0,"font":"","enabled":false},"version":2}},"product_brand":[],"product_cat":[74,15],"product_tag":[155,154,126],"product_folder":[],"class_list":{"0":"post-338","1":"product","2":"type-product","3":"status-publish","4":"has-post-thumbnail","6":"product_cat-eau-de-toilettes","7":"product_cat-perfumes","8":"product_tag-artisan","9":"product_tag-eau-de-toilette","10":"product_tag-handmade-perfume","12":"first","13":"instock","14":"shipping-taxable","15":"purchasable","16":"product-type-variable"},"yoast_head":"<!-- This site is optimized with the Yoast SEO plugin v27.4 - https:\/\/yoast.com\/product\/yoast-seo-wordpress\/ -->\n<title>Eau de Toilettes &#8226; Alquimia Pervane - handmade perfumes and oils<\/title>\n<meta name=\"robots\" content=\"index, follow, max-snippet:-1, max-image-preview:large, max-video-preview:-1\" \/>\n<link rel=\"canonical\" href=\"https:\/\/alquimiapervane.com\/es\/home\/shop\/eau-de-toilette\/\" \/>\n<meta property=\"og:locale\" content=\"es_ES\" \/>\n<meta property=\"og:type\" content=\"article\" \/>\n<meta property=\"og:title\" content=\"Eau de Toilettes &#8226; Alquimia Pervane - handmade perfumes and oils\" \/>\n<meta property=\"og:description\" content=\"100ml of handmade Eau de Toilette with 27 tantalising scents for you to choose from.\u00a0 Each comes in an attractive glass bottle with spray top, artisan metal lid and base.\u00a0 Packaged in an attractive yellow cardboard presentation box, making it an ideal gift.\" \/>\n<meta property=\"og:url\" content=\"https:\/\/alquimiapervane.com\/es\/home\/shop\/eau-de-toilette\/\" \/>\n<meta property=\"og:site_name\" content=\"Alquimia Pervane - handmade perfumes and oils\" \/>\n<meta property=\"article:publisher\" content=\"https:\/\/www.facebook.com\/alquimia.pervane\" \/>\n<meta property=\"article:modified_time\" content=\"2026-04-08T14:26:39+00:00\" \/>\n<meta property=\"og:image\" content=\"https:\/\/alquimiapervane.com\/wp-content\/uploads\/2020\/06\/EDT_group.jpg\" \/>\n\t<meta property=\"og:image:width\" content=\"2048\" \/>\n\t<meta property=\"og:image:height\" content=\"1550\" \/>\n\t<meta property=\"og:image:type\" content=\"image\/jpeg\" \/>\n<meta name=\"twitter:card\" content=\"summary_large_image\" \/>\n<script type=\"application\/ld+json\" class=\"yoast-schema-graph\">{\"@context\":\"https:\\\/\\\/schema.org\",\"@graph\":[{\"@type\":\"WebPage\",\"@id\":\"https:\\\/\\\/alquimiapervane.com\\\/home\\\/shop\\\/eau-de-toilette\\\/\",\"url\":\"https:\\\/\\\/alquimiapervane.com\\\/home\\\/shop\\\/eau-de-toilette\\\/\",\"name\":\"Eau de Toilettes &#8226; Alquimia Pervane - handmade perfumes and oils\",\"isPartOf\":{\"@id\":\"https:\\\/\\\/alquimiapervane.com\\\/#website\"},\"primaryImageOfPage\":{\"@id\":\"https:\\\/\\\/alquimiapervane.com\\\/home\\\/shop\\\/eau-de-toilette\\\/#primaryimage\"},\"image\":{\"@id\":\"https:\\\/\\\/alquimiapervane.com\\\/home\\\/shop\\\/eau-de-toilette\\\/#primaryimage\"},\"thumbnailUrl\":\"https:\\\/\\\/i0.wp.com\\\/alquimiapervane.com\\\/wp-content\\\/uploads\\\/2020\\\/06\\\/EDT_group.jpg?fit=2048%2C1550&ssl=1\",\"datePublished\":\"2020-04-23T17:35:48+00:00\",\"dateModified\":\"2026-04-08T14:26:39+00:00\",\"breadcrumb\":{\"@id\":\"https:\\\/\\\/alquimiapervane.com\\\/home\\\/shop\\\/eau-de-toilette\\\/#breadcrumb\"},\"inLanguage\":\"es\",\"potentialAction\":[{\"@type\":\"ReadAction\",\"target\":[\"https:\\\/\\\/alquimiapervane.com\\\/home\\\/shop\\\/eau-de-toilette\\\/\"]}]},{\"@type\":\"ImageObject\",\"inLanguage\":\"es\",\"@id\":\"https:\\\/\\\/alquimiapervane.com\\\/home\\\/shop\\\/eau-de-toilette\\\/#primaryimage\",\"url\":\"https:\\\/\\\/i0.wp.com\\\/alquimiapervane.com\\\/wp-content\\\/uploads\\\/2020\\\/06\\\/EDT_group.jpg?fit=2048%2C1550&ssl=1\",\"contentUrl\":\"https:\\\/\\\/i0.wp.com\\\/alquimiapervane.com\\\/wp-content\\\/uploads\\\/2020\\\/06\\\/EDT_group.jpg?fit=2048%2C1550&ssl=1\",\"width\":2048,\"height\":1550,\"caption\":\"eau de toilettes category photo\"},{\"@type\":\"BreadcrumbList\",\"@id\":\"https:\\\/\\\/alquimiapervane.com\\\/home\\\/shop\\\/eau-de-toilette\\\/#breadcrumb\",\"itemListElement\":[{\"@type\":\"ListItem\",\"position\":1,\"name\":\"Home\",\"item\":\"https:\\\/\\\/alquimiapervane.com\\\/\"},{\"@type\":\"ListItem\",\"position\":2,\"name\":\"Shop\",\"item\":\"https:\\\/\\\/alquimiapervane.com\\\/home\\\/shop\\\/\"},{\"@type\":\"ListItem\",\"position\":3,\"name\":\"Eau de Toilettes\"}]},{\"@type\":\"WebSite\",\"@id\":\"https:\\\/\\\/alquimiapervane.com\\\/#website\",\"url\":\"https:\\\/\\\/alquimiapervane.com\\\/\",\"name\":\"Alquimia Pervane - artisan perfumes and oils\",\"description\":\"Artisanal Perfumes and Oils\",\"publisher\":{\"@id\":\"https:\\\/\\\/alquimiapervane.com\\\/#organization\"},\"potentialAction\":[{\"@type\":\"SearchAction\",\"target\":{\"@type\":\"EntryPoint\",\"urlTemplate\":\"https:\\\/\\\/alquimiapervane.com\\\/?s={search_term_string}\"},\"query-input\":{\"@type\":\"PropertyValueSpecification\",\"valueRequired\":true,\"valueName\":\"search_term_string\"}}],\"inLanguage\":\"es\"},{\"@type\":\"Organization\",\"@id\":\"https:\\\/\\\/alquimiapervane.com\\\/#organization\",\"name\":\"Alquimia Pervane\",\"url\":\"https:\\\/\\\/alquimiapervane.com\\\/\",\"logo\":{\"@type\":\"ImageObject\",\"inLanguage\":\"es\",\"@id\":\"https:\\\/\\\/alquimiapervane.com\\\/#\\\/schema\\\/logo\\\/image\\\/\",\"url\":\"https:\\\/\\\/i0.wp.com\\\/alquimiapervane.com\\\/wp-content\\\/uploads\\\/2020\\\/04\\\/sitelogoinvert.png?fit=470%2C110&ssl=1\",\"contentUrl\":\"https:\\\/\\\/i0.wp.com\\\/alquimiapervane.com\\\/wp-content\\\/uploads\\\/2020\\\/04\\\/sitelogoinvert.png?fit=470%2C110&ssl=1\",\"width\":470,\"height\":110,\"caption\":\"Alquimia Pervane\"},\"image\":{\"@id\":\"https:\\\/\\\/alquimiapervane.com\\\/#\\\/schema\\\/logo\\\/image\\\/\"},\"sameAs\":[\"https:\\\/\\\/www.facebook.com\\\/alquimia.pervane\",\"https:\\\/\\\/www.instagram.com\\\/alquimiapervane\\\/\"]}]}<\/script>\n<!-- \/ Yoast SEO plugin. -->","yoast_head_json":{"title":"Eau de Toilettes &#8226; Alquimia Pervane - handmade perfumes and oils","robots":{"index":"index","follow":"follow","max-snippet":"max-snippet:-1","max-image-preview":"max-image-preview:large","max-video-preview":"max-video-preview:-1"},"canonical":"https:\/\/alquimiapervane.com\/es\/home\/shop\/eau-de-toilette\/","og_locale":"es_ES","og_type":"article","og_title":"Eau de Toilettes &#8226; Alquimia Pervane - handmade perfumes and oils","og_description":"100ml of handmade Eau de Toilette with 27 tantalising scents for you to choose from.\u00a0 Each comes in an attractive glass bottle with spray top, artisan metal lid and base.\u00a0 Packaged in an attractive yellow cardboard presentation box, making it an ideal gift.","og_url":"https:\/\/alquimiapervane.com\/es\/home\/shop\/eau-de-toilette\/","og_site_name":"Alquimia Pervane - handmade perfumes and oils","article_publisher":"https:\/\/www.facebook.com\/alquimia.pervane","article_modified_time":"2026-04-08T14:26:39+00:00","og_image":[{"width":2048,"height":1550,"url":"https:\/\/alquimiapervane.com\/wp-content\/uploads\/2020\/06\/EDT_group.jpg","type":"image\/jpeg"}],"twitter_card":"summary_large_image","schema":{"@context":"https:\/\/schema.org","@graph":[{"@type":"WebPage","@id":"https:\/\/alquimiapervane.com\/home\/shop\/eau-de-toilette\/","url":"https:\/\/alquimiapervane.com\/home\/shop\/eau-de-toilette\/","name":"Eau de Toilettes &#8226; Alquimia Pervane - handmade perfumes and oils","isPartOf":{"@id":"https:\/\/alquimiapervane.com\/#website"},"primaryImageOfPage":{"@id":"https:\/\/alquimiapervane.com\/home\/shop\/eau-de-toilette\/#primaryimage"},"image":{"@id":"https:\/\/alquimiapervane.com\/home\/shop\/eau-de-toilette\/#primaryimage"},"thumbnailUrl":"https:\/\/i0.wp.com\/alquimiapervane.com\/wp-content\/uploads\/2020\/06\/EDT_group.jpg?fit=2048%2C1550&ssl=1","datePublished":"2020-04-23T17:35:48+00:00","dateModified":"2026-04-08T14:26:39+00:00","breadcrumb":{"@id":"https:\/\/alquimiapervane.com\/home\/shop\/eau-de-toilette\/#breadcrumb"},"inLanguage":"es","potentialAction":[{"@type":"ReadAction","target":["https:\/\/alquimiapervane.com\/home\/shop\/eau-de-toilette\/"]}]},{"@type":"ImageObject","inLanguage":"es","@id":"https:\/\/alquimiapervane.com\/home\/shop\/eau-de-toilette\/#primaryimage","url":"https:\/\/i0.wp.com\/alquimiapervane.com\/wp-content\/uploads\/2020\/06\/EDT_group.jpg?fit=2048%2C1550&ssl=1","contentUrl":"https:\/\/i0.wp.com\/alquimiapervane.com\/wp-content\/uploads\/2020\/06\/EDT_group.jpg?fit=2048%2C1550&ssl=1","width":2048,"height":1550,"caption":"eau de toilettes category photo"},{"@type":"BreadcrumbList","@id":"https:\/\/alquimiapervane.com\/home\/shop\/eau-de-toilette\/#breadcrumb","itemListElement":[{"@type":"ListItem","position":1,"name":"Home","item":"https:\/\/alquimiapervane.com\/"},{"@type":"ListItem","position":2,"name":"Shop","item":"https:\/\/alquimiapervane.com\/home\/shop\/"},{"@type":"ListItem","position":3,"name":"Eau de Toilettes"}]},{"@type":"WebSite","@id":"https:\/\/alquimiapervane.com\/#website","url":"https:\/\/alquimiapervane.com\/","name":"Alquimia Pervane - artisan perfumes and oils","description":"Artisanal Perfumes and Oils","publisher":{"@id":"https:\/\/alquimiapervane.com\/#organization"},"potentialAction":[{"@type":"SearchAction","target":{"@type":"EntryPoint","urlTemplate":"https:\/\/alquimiapervane.com\/?s={search_term_string}"},"query-input":{"@type":"PropertyValueSpecification","valueRequired":true,"valueName":"search_term_string"}}],"inLanguage":"es"},{"@type":"Organization","@id":"https:\/\/alquimiapervane.com\/#organization","name":"Alquimia Pervane","url":"https:\/\/alquimiapervane.com\/","logo":{"@type":"ImageObject","inLanguage":"es","@id":"https:\/\/alquimiapervane.com\/#\/schema\/logo\/image\/","url":"https:\/\/i0.wp.com\/alquimiapervane.com\/wp-content\/uploads\/2020\/04\/sitelogoinvert.png?fit=470%2C110&ssl=1","contentUrl":"https:\/\/i0.wp.com\/alquimiapervane.com\/wp-content\/uploads\/2020\/04\/sitelogoinvert.png?fit=470%2C110&ssl=1","width":470,"height":110,"caption":"Alquimia Pervane"},"image":{"@id":"https:\/\/alquimiapervane.com\/#\/schema\/logo\/image\/"},"sameAs":["https:\/\/www.facebook.com\/alquimia.pervane","https:\/\/www.instagram.com\/alquimiapervane\/"]}]}},"jetpack_publicize_connections":[],"jetpack_sharing_enabled":true,"_links":{"self":[{"href":"https:\/\/alquimiapervane.com\/es\/wp-json\/wp\/v2\/product\/338","targetHints":{"allow":["GET"]}}],"collection":[{"href":"https:\/\/alquimiapervane.com\/es\/wp-json\/wp\/v2\/product"}],"about":[{"href":"https:\/\/alquimiapervane.com\/es\/wp-json\/wp\/v2\/types\/product"}],"replies":[{"embeddable":true,"href":"https:\/\/alquimiapervane.com\/es\/wp-json\/wp\/v2\/comments?post=338"}],"wp:featuredmedia":[{"embeddable":true,"href":"https:\/\/alquimiapervane.com\/es\/wp-json\/wp\/v2\/media\/1262"}],"wp:attachment":[{"href":"https:\/\/alquimiapervane.com\/es\/wp-json\/wp\/v2\/media?parent=338"}],"wp:term":[{"taxonomy":"product_brand","embeddable":true,"href":"https:\/\/alquimiapervane.com\/es\/wp-json\/wp\/v2\/product_brand?post=338"},{"taxonomy":"product_cat","embeddable":true,"href":"https:\/\/alquimiapervane.com\/es\/wp-json\/wp\/v2\/product_cat?post=338"},{"taxonomy":"product_tag","embeddable":true,"href":"https:\/\/alquimiapervane.com\/es\/wp-json\/wp\/v2\/product_tag?post=338"},{"taxonomy":"product_folder","embeddable":true,"href":"https:\/\/alquimiapervane.com\/es\/wp-json\/wp\/v2\/product_folder?post=338"}],"curies":[{"name":"wp","href":"https:\/\/api.w.org\/{rel}","templated":true}]}}