{"id":995,"date":"2020-05-09T19:17:11","date_gmt":"2020-05-09T19:17:11","guid":{"rendered":"http:\/\/www.alquimiapervane.website\/?page_id=995"},"modified":"2020-06-08T14:59:00","modified_gmt":"2020-06-08T14:59:00","slug":"terms-and-conditions","status":"publish","type":"page","link":"https:\/\/alquimiapervane.com\/es\/terms-and-conditions\/","title":{"rendered":"T\u00e9rminos y Condiciones"},"content":{"rendered":"<p class=\"has-medium-font-size\"><strong>T\u00e9rminos y Condiciones<\/strong><\/p>\n\n\n\n<p>PRIVATE\/INDIVIDUAL ORDERS<\/p>\n\n\n\n<p>Todos los pedidos individuales est\u00e1n sujetos a nuestros t\u00e9rminos y condiciones comerciales est\u00e1ndar.&nbsp;<\/p>\n\n\n\n<p>PEDIDOS AL POR MAYOR<\/p>\n\n\n\n<p>Tenga en cuenta que esta funci\u00f3n es estrictamente solo para clientes mayoristas \/ comerciales y que al usar nuestro sitio est\u00e1 aceptando nuestros t\u00e9rminos y condiciones comerciales que se establecen a continuaci\u00f3n. Es posible que se le solicite una prueba del tipo de negocio y cualquier otro detalle relevante.&nbsp;<\/p>\n\n\n\n<p>T\u00c9RMINOS Y CONDICIONES COMERCIALES<\/p>\n\n\n\n<p>Toda la informaci\u00f3n que le solicitamos al realizar un pedido es para fines de facturaci\u00f3n y entrega o para contactarlo en caso de una consulta. No compartimos su informaci\u00f3n personal con ninguna otra compa\u00f1\u00eda. Despu\u00e9s de realizar un pedido, se le enviar\u00e1 un correo electr\u00f3nico de confirmaci\u00f3n y los detalles del pedido. Un contrato entre usted y Alquimia Pervane solo tendr\u00e1 lugar una vez que el pedido haya sido aceptado, procesado y recibido el pago. Recibir\u00e1 un correo electr\u00f3nico de confirmaci\u00f3n de su pedido. Es su responsabilidad proporcionar la informaci\u00f3n correcta, la direcci\u00f3n de env\u00edo, etc., junto con su pedido. Si alguno de los detalles es incorrecto al recibir su confirmaci\u00f3n por correo electr\u00f3nico, av\u00edsenos por tel\u00e9fono y correo electr\u00f3nico (<a href=\"mailto:alquimiapervane@alquimiapervane.com\">alquimiapervane@alquimiapervane.com<\/a>) Si la direcci\u00f3n de entrega ingresada no es correcta y se nos devuelve el paquete, no se le reembolsar\u00e1 el costo de env\u00edo.<\/p>\n\n\n\n<p>Please be aware that due to the handmade nature of the products, minor changes (e.g. colour, packaging, scent) may occur and by using our site you accept and understand this.&nbsp; As olfactory perceptions are subjective, all orders are non-returnable or refundable, except in the case of breakages which have occurred during shipping.<\/p>\n\n\n\n<p>REEMBOLSOS<\/p>\n\n\n\n<p>En el caso de productos defectuosos o da\u00f1ados, se ofrecer\u00e1 un reembolso completo o cambio, incluido el costo de env\u00edo.<\/p>\n\n\n\n<p>ROTURDA Y DESPERFECTOS<\/p>\n\n\n\n<p>Verifique su pedido por roturas y desperfectos e inf\u00f3rmenos de cualquier problema dentro de las 24 horas posteriores a la recepci\u00f3n de su pedido. Se puede requerir evidencia fotogr\u00e1fica.<\/p>\n\n\n\n<p>PESOS Y MEDIDAS<\/p>\n\n\n\n<p>Tenga en cuenta que para pedidos personalizados al por mayor, los aceites de fragancia pueden medirse en peso (kilos y gramos) y que, debido a la densidad relativa de cada fragancia o aceite, los vol\u00famenes pueden variar seg\u00fan la consistencia.<\/p>\n\n\n\n<p>Para pedidos individuales y pedidos al por mayor de productos ofrecidos en nuestro sitio web, los pesos y las medidas son aproximados debido a la naturaleza artesanal de los productos.<\/p>\n\n\n\n<p>ENTREGA<\/p>\n\n\n\n<p>Todas las fechas de entrega son estimaciones.<\/p>\n\n\n\n<p>IVA<\/p>\n\n\n\n<p>Todos los precios que figuran en nuestro sitio incluyen el IVA a la tasa calculada del 21%.&nbsp;<\/p>\n\n\n\n<p>PRECIOS Y PAGOS<\/p>\n\n\n\n<p>Los precios actuales que figuran en nuestro sitio web reemplazan a todos los precios de productos id\u00e9nticos previamente listados o anunciados. Los precios est\u00e1n sujetos a revisi\u00f3n. Los pagos deben hacerse con pedidos. No se otorgar\u00e1 cr\u00e9dito. Todos los precios se detallan en euros y cualquier arancel o arancel de importaci\u00f3n adeudado cuando su pedido llegue al pa\u00eds de destino es su responsabilidad.<\/p>\n\n\n\n<p>ENVIO<\/p>\n\n\n\n<p>Los precios indicados no incluyen gastos de env\u00edo ni embalaje. Los gastos de env\u00edo y embalaje se cobrar\u00e1n por pedido. Los precios se calculan en peso.<\/p>\n\n\n\n<p>RESPONSABILIDAD<\/p>\n\n\n\n<p>La informaci\u00f3n proporcionada en el sitio web es \u00fanicamente para fines de orientaci\u00f3n e informaci\u00f3n. No constituye consejo. Alquimia Pervane no proporciona recomendaciones ni avales y no debe utilizar la informaci\u00f3n del sitio web para tomar decisiones o tomar medidas. Como las percepciones son subjetivas, las descripciones de fragancias tienen la intenci\u00f3n de dar una indicaci\u00f3n de las notas de la fragancia. Las descripciones y los nombres no deben confundirse ni asociarse con marcas comerciales, derechos de autor, infracciones asociadas y no tener afiliaci\u00f3n con otros fabricantes o marcas de dise\u00f1adores.<\/p>\n\n\n\n<p>RENUNCIA<\/p>\n\n\n\n<p>Alquimia Pervane no se hace responsable del uso de ninguno de nuestros productos despu\u00e9s de la compra.<\/p>\n\n\n\n<p>DERECHOS DE AUTOR<\/p>\n\n\n\n<p>Todo el contenido del sitio web es propiedad de Alquimia Pervane y est\u00e1 sujeto a las leyes de copyright y de bases de datos de la UE. No puede extraer ni utilizar ning\u00fan contenido o partes del contenido del sitio web sin previo consentimiento por escrito.<\/p>\n\n\n\n<p>COOKIES<\/p>\n\n\n\n<p>El uso de este sitio web implica el consentimiento para el uso de cookies. Las cookies son esenciales para que el carrito de compras y los detalles de su cuenta funcionen correctamente.<\/p>","protected":false},"excerpt":{"rendered":"<p>Terms and Conditions PRIVATE\/INDIVIDUAL ORDERS All individual orders are subject to our standard trading terms and conditions.&nbsp; WHOLESALE ORDERS Please note that this feature is strictly for wholesale\/ trade customers only and that by using our site you are agreeing to our trading terms and conditions as set out below.&nbsp; You may be asked for [&hellip;]<\/p>\n","protected":false},"author":2,"featured_media":0,"parent":0,"menu_order":0,"comment_status":"closed","ping_status":"closed","template":"","meta":{"om_disable_all_campaigns":false,"_monsterinsights_skip_tracking":false,"_monsterinsights_sitenote_active":false,"_monsterinsights_sitenote_note":"","_monsterinsights_sitenote_category":0,"jetpack_post_was_ever_published":false,"footnotes":""},"folder":[],"class_list":["post-995","page","type-page","status-publish","hentry"],"yoast_head":"<!-- This site is optimized with the Yoast SEO plugin v27.4 - https:\/\/yoast.com\/product\/yoast-seo-wordpress\/ -->\n<title>Terms and Conditions &#8226; Alquimia Pervane - handmade perfumes and oils<\/title>\n<meta name=\"robots\" content=\"index, follow, max-snippet:-1, max-image-preview:large, max-video-preview:-1\" \/>\n<link rel=\"canonical\" href=\"https:\/\/alquimiapervane.com\/es\/terms-and-conditions\/\" \/>\n<meta property=\"og:locale\" content=\"es_ES\" \/>\n<meta property=\"og:type\" content=\"article\" \/>\n<meta property=\"og:title\" content=\"Terms and Conditions &#8226; Alquimia Pervane - handmade perfumes and oils\" \/>\n<meta property=\"og:description\" content=\"Terms and Conditions PRIVATE\/INDIVIDUAL ORDERS All individual orders are subject to our standard trading terms and conditions.&nbsp; WHOLESALE ORDERS Please note that this feature is strictly for wholesale\/ trade customers only and that by using our site you are agreeing to our trading terms and conditions as set out below.&nbsp; You may be asked for [&hellip;]\" \/>\n<meta property=\"og:url\" content=\"https:\/\/alquimiapervane.com\/es\/terms-and-conditions\/\" \/>\n<meta property=\"og:site_name\" content=\"Alquimia Pervane - handmade perfumes and oils\" \/>\n<meta property=\"article:publisher\" content=\"https:\/\/www.facebook.com\/alquimia.pervane\" \/>\n<meta property=\"article:modified_time\" content=\"2020-06-08T14:59:00+00:00\" \/>\n<meta name=\"twitter:card\" content=\"summary_large_image\" \/>\n<meta name=\"twitter:label1\" content=\"Tiempo de lectura\" \/>\n\t<meta name=\"twitter:data1\" content=\"3 minutos\" \/>\n<script type=\"application\/ld+json\" class=\"yoast-schema-graph\">{\"@context\":\"https:\\\/\\\/schema.org\",\"@graph\":[{\"@type\":\"WebPage\",\"@id\":\"https:\\\/\\\/alquimiapervane.com\\\/terms-and-conditions\\\/\",\"url\":\"https:\\\/\\\/alquimiapervane.com\\\/terms-and-conditions\\\/\",\"name\":\"Terms and Conditions &#8226; Alquimia Pervane - handmade perfumes and oils\",\"isPartOf\":{\"@id\":\"https:\\\/\\\/alquimiapervane.com\\\/#website\"},\"datePublished\":\"2020-05-09T19:17:11+00:00\",\"dateModified\":\"2020-06-08T14:59:00+00:00\",\"breadcrumb\":{\"@id\":\"https:\\\/\\\/alquimiapervane.com\\\/terms-and-conditions\\\/#breadcrumb\"},\"inLanguage\":\"es\",\"potentialAction\":[{\"@type\":\"ReadAction\",\"target\":[\"https:\\\/\\\/alquimiapervane.com\\\/terms-and-conditions\\\/\"]}]},{\"@type\":\"BreadcrumbList\",\"@id\":\"https:\\\/\\\/alquimiapervane.com\\\/terms-and-conditions\\\/#breadcrumb\",\"itemListElement\":[{\"@type\":\"ListItem\",\"position\":1,\"name\":\"Home\",\"item\":\"https:\\\/\\\/alquimiapervane.com\\\/\"},{\"@type\":\"ListItem\",\"position\":2,\"name\":\"Terms and Conditions\"}]},{\"@type\":\"WebSite\",\"@id\":\"https:\\\/\\\/alquimiapervane.com\\\/#website\",\"url\":\"https:\\\/\\\/alquimiapervane.com\\\/\",\"name\":\"Alquimia Pervane - artisan perfumes and oils\",\"description\":\"Artisanal Perfumes and Oils\",\"publisher\":{\"@id\":\"https:\\\/\\\/alquimiapervane.com\\\/#organization\"},\"potentialAction\":[{\"@type\":\"SearchAction\",\"target\":{\"@type\":\"EntryPoint\",\"urlTemplate\":\"https:\\\/\\\/alquimiapervane.com\\\/?s={search_term_string}\"},\"query-input\":{\"@type\":\"PropertyValueSpecification\",\"valueRequired\":true,\"valueName\":\"search_term_string\"}}],\"inLanguage\":\"es\"},{\"@type\":\"Organization\",\"@id\":\"https:\\\/\\\/alquimiapervane.com\\\/#organization\",\"name\":\"Alquimia Pervane\",\"url\":\"https:\\\/\\\/alquimiapervane.com\\\/\",\"logo\":{\"@type\":\"ImageObject\",\"inLanguage\":\"es\",\"@id\":\"https:\\\/\\\/alquimiapervane.com\\\/#\\\/schema\\\/logo\\\/image\\\/\",\"url\":\"https:\\\/\\\/i0.wp.com\\\/alquimiapervane.com\\\/wp-content\\\/uploads\\\/2020\\\/04\\\/sitelogoinvert.png?fit=470%2C110&ssl=1\",\"contentUrl\":\"https:\\\/\\\/i0.wp.com\\\/alquimiapervane.com\\\/wp-content\\\/uploads\\\/2020\\\/04\\\/sitelogoinvert.png?fit=470%2C110&ssl=1\",\"width\":470,\"height\":110,\"caption\":\"Alquimia Pervane\"},\"image\":{\"@id\":\"https:\\\/\\\/alquimiapervane.com\\\/#\\\/schema\\\/logo\\\/image\\\/\"},\"sameAs\":[\"https:\\\/\\\/www.facebook.com\\\/alquimia.pervane\",\"https:\\\/\\\/www.instagram.com\\\/alquimiapervane\\\/\"]}]}<\/script>\n<!-- \/ Yoast SEO plugin. -->","yoast_head_json":{"title":"Terms and Conditions &#8226; Alquimia Pervane - handmade perfumes and oils","robots":{"index":"index","follow":"follow","max-snippet":"max-snippet:-1","max-image-preview":"max-image-preview:large","max-video-preview":"max-video-preview:-1"},"canonical":"https:\/\/alquimiapervane.com\/es\/terms-and-conditions\/","og_locale":"es_ES","og_type":"article","og_title":"Terms and Conditions &#8226; Alquimia Pervane - handmade perfumes and oils","og_description":"Terms and Conditions PRIVATE\/INDIVIDUAL ORDERS All individual orders are subject to our standard trading terms and conditions.&nbsp; WHOLESALE ORDERS Please note that this feature is strictly for wholesale\/ trade customers only and that by using our site you are agreeing to our trading terms and conditions as set out below.&nbsp; You may be asked for [&hellip;]","og_url":"https:\/\/alquimiapervane.com\/es\/terms-and-conditions\/","og_site_name":"Alquimia Pervane - handmade perfumes and oils","article_publisher":"https:\/\/www.facebook.com\/alquimia.pervane","article_modified_time":"2020-06-08T14:59:00+00:00","twitter_card":"summary_large_image","twitter_misc":{"Tiempo de lectura":"3 minutos"},"schema":{"@context":"https:\/\/schema.org","@graph":[{"@type":"WebPage","@id":"https:\/\/alquimiapervane.com\/terms-and-conditions\/","url":"https:\/\/alquimiapervane.com\/terms-and-conditions\/","name":"Terms and Conditions &#8226; Alquimia Pervane - handmade perfumes and oils","isPartOf":{"@id":"https:\/\/alquimiapervane.com\/#website"},"datePublished":"2020-05-09T19:17:11+00:00","dateModified":"2020-06-08T14:59:00+00:00","breadcrumb":{"@id":"https:\/\/alquimiapervane.com\/terms-and-conditions\/#breadcrumb"},"inLanguage":"es","potentialAction":[{"@type":"ReadAction","target":["https:\/\/alquimiapervane.com\/terms-and-conditions\/"]}]},{"@type":"BreadcrumbList","@id":"https:\/\/alquimiapervane.com\/terms-and-conditions\/#breadcrumb","itemListElement":[{"@type":"ListItem","position":1,"name":"Home","item":"https:\/\/alquimiapervane.com\/"},{"@type":"ListItem","position":2,"name":"Terms and Conditions"}]},{"@type":"WebSite","@id":"https:\/\/alquimiapervane.com\/#website","url":"https:\/\/alquimiapervane.com\/","name":"Alquimia Pervane - artisan perfumes and oils","description":"Artisanal Perfumes and Oils","publisher":{"@id":"https:\/\/alquimiapervane.com\/#organization"},"potentialAction":[{"@type":"SearchAction","target":{"@type":"EntryPoint","urlTemplate":"https:\/\/alquimiapervane.com\/?s={search_term_string}"},"query-input":{"@type":"PropertyValueSpecification","valueRequired":true,"valueName":"search_term_string"}}],"inLanguage":"es"},{"@type":"Organization","@id":"https:\/\/alquimiapervane.com\/#organization","name":"Alquimia Pervane","url":"https:\/\/alquimiapervane.com\/","logo":{"@type":"ImageObject","inLanguage":"es","@id":"https:\/\/alquimiapervane.com\/#\/schema\/logo\/image\/","url":"https:\/\/i0.wp.com\/alquimiapervane.com\/wp-content\/uploads\/2020\/04\/sitelogoinvert.png?fit=470%2C110&ssl=1","contentUrl":"https:\/\/i0.wp.com\/alquimiapervane.com\/wp-content\/uploads\/2020\/04\/sitelogoinvert.png?fit=470%2C110&ssl=1","width":470,"height":110,"caption":"Alquimia Pervane"},"image":{"@id":"https:\/\/alquimiapervane.com\/#\/schema\/logo\/image\/"},"sameAs":["https:\/\/www.facebook.com\/alquimia.pervane","https:\/\/www.instagram.com\/alquimiapervane\/"]}]}},"jetpack_shortlink":"https:\/\/wp.me\/PbDzKF-g3","jetpack_sharing_enabled":true,"_links":{"self":[{"href":"https:\/\/alquimiapervane.com\/es\/wp-json\/wp\/v2\/pages\/995","targetHints":{"allow":["GET"]}}],"collection":[{"href":"https:\/\/alquimiapervane.com\/es\/wp-json\/wp\/v2\/pages"}],"about":[{"href":"https:\/\/alquimiapervane.com\/es\/wp-json\/wp\/v2\/types\/page"}],"author":[{"embeddable":true,"href":"https:\/\/alquimiapervane.com\/es\/wp-json\/wp\/v2\/users\/2"}],"replies":[{"embeddable":true,"href":"https:\/\/alquimiapervane.com\/es\/wp-json\/wp\/v2\/comments?post=995"}],"version-history":[{"count":0,"href":"https:\/\/alquimiapervane.com\/es\/wp-json\/wp\/v2\/pages\/995\/revisions"}],"wp:attachment":[{"href":"https:\/\/alquimiapervane.com\/es\/wp-json\/wp\/v2\/media?parent=995"}],"wp:term":[{"taxonomy":"folder","embeddable":true,"href":"https:\/\/alquimiapervane.com\/es\/wp-json\/wp\/v2\/folder?post=995"}],"curies":[{"name":"wp","href":"https:\/\/api.w.org\/{rel}","templated":true}]}}