{"id":993,"date":"2020-05-09T18:03:54","date_gmt":"2020-05-09T18:03:54","guid":{"rendered":"http:\/\/www.alquimiapervane.website\/?page_id=993"},"modified":"2020-06-08T15:01:34","modified_gmt":"2020-06-08T15:01:34","slug":"privacy-policy","status":"publish","type":"page","link":"https:\/\/alquimiapervane.com\/es\/privacy-policy\/","title":{"rendered":"Pol\u00edtica de Privacidad"},"content":{"rendered":"<p class=\"has-medium-font-size\"><strong>Pol\u00edtica de Privacidad<\/strong><\/p>\n\n\n\n<p>QUIENES SOMOS<\/p>\n\n\n\n<p>Esta pol\u00edtica de privacidad establece c\u00f3mo www.alquimiapervane.com (\"Sitio\") recopila, usa y protege y comparte la informaci\u00f3n que usted brinda mientras usa este sitio. Toda la informaci\u00f3n que proporcione se utiliza de acuerdo con la pol\u00edtica de privacidad que se describe a continuaci\u00f3n. Pueden producirse cambios en nuestra pol\u00edtica y, por lo tanto, consulte esta p\u00e1gina de vez en cuando para asegurarse de que est\u00e1 satisfecho con cualquier cambio.<\/p>\n\n\n\n<p>INFORMACI\u00d3N PERSONAL QUE RECOPILAMOS<\/p>\n\n\n\n<p>Cuando visita el Sitio, recopilamos autom\u00e1ticamente cierta informaci\u00f3n sobre su dispositivo, incluida informaci\u00f3n sobre su navegador web, direcci\u00f3n IP, zona horaria y algunas de las cookies que est\u00e1n instaladas en su dispositivo. Adem\u00e1s, a medida que navega por el Sitio, recopilamos informaci\u00f3n sobre las p\u00e1ginas web individuales o los productos que ve, qu\u00e9 sitios web o t\u00e9rminos de b\u00fasqueda lo remitieron al Sitio e informaci\u00f3n sobre c\u00f3mo interact\u00faa con el Sitio. Nos referimos a esta informaci\u00f3n recopilada autom\u00e1ticamente como \"Informaci\u00f3n del dispositivo\".<\/p>\n\n\n\n<p>Recopilamos informaci\u00f3n del dispositivo utilizando las siguientes tecnolog\u00edas:<\/p>\n\n\n\n<p>&nbsp;&nbsp;&nbsp; - Las \"cookies\" son archivos de datos que se colocan en su dispositivo o computadora y que a menudo incluyen un identificador \u00fanico an\u00f3nimo. Para obtener m\u00e1s informaci\u00f3n sobre las cookies y c\u00f3mo deshabilitarlas, visite http:\/\/www.allaboutcookies.org.<\/p>\n\n\n\n<p>&nbsp;&nbsp;&nbsp; - Los \"archivos de registro\" rastrean las acciones que ocurren en el Sitio y recopilan datos, incluyendo su direcci\u00f3n IP, tipo de navegador, proveedor de servicios de Internet, p\u00e1ginas de referencia \/ salida y marcas de fecha \/ hora.<\/p>\n\n\n\n<p>&nbsp;&nbsp;&nbsp; - Las \"balizas web\", las \"etiquetas\" y los \"p\u00edxeles\" son archivos electr\u00f3nicos que se utilizan para registrar informaci\u00f3n sobre c\u00f3mo navega por el Sitio.<\/p>\n\n\n\n<p>Adem\u00e1s, cuando realiza una compra o intenta realizar una compra a trav\u00e9s del Sitio, recopilamos cierta informaci\u00f3n de usted, incluido su nombre, direcci\u00f3n de facturaci\u00f3n, direcci\u00f3n de env\u00edo, informaci\u00f3n de pago (incluidos los n\u00fameros de tarjeta de cr\u00e9dito, direcci\u00f3n de correo electr\u00f3nico y n\u00famero de tel\u00e9fono). Nos referimos a esta informaci\u00f3n como \"Informaci\u00f3n de pedido\".<\/p>\n\n\n\n<p>Cuando hablamos de \"Informaci\u00f3n personal\" en esta Pol\u00edtica de privacidad, hablamos tanto de Informaci\u00f3n del dispositivo como de Informaci\u00f3n del pedido.<\/p>\n\n\n\n<p>\u00bfCOMO USAMOS TU INFORMACI\u00d3N PERSONAL?<\/p>\n\n\n\n<p>Usamos la informaci\u00f3n de pedido que recopilamos generalmente para cumplir con los pedidos realizados a trav\u00e9s del Sitio (incluido el procesamiento de su informaci\u00f3n de pago, la organizaci\u00f3n del env\u00edo y el env\u00edo de facturas y \/ o confirmaciones de pedidos). Adem\u00e1s, utilizamos esta informaci\u00f3n de pedido para:<\/p>\n\n\n\n<p>Comunicarse contigo;<\/p>\n\n\n\n<p>Revise nuestros pedidos de riesgo potencial o fraude; y<\/p>\n\n\n\n<p>Cuando est\u00e9 en l\u00ednea con las preferencias que ha compartido con nosotros, le proporcionaremos informaci\u00f3n o publicidad relacionada con nuestros productos o servicios.<\/p>\n\n\n\n<p>Usamos la informaci\u00f3n del dispositivo que recopilamos para ayudarnos a detectar posibles riesgos y fraudes (en particular, su direcci\u00f3n IP) y, en general, para mejorar y optimizar nuestro sitio (por ejemplo, generando an\u00e1lisis sobre c\u00f3mo navegan e interact\u00faan nuestros clientes) el Sitio, y para evaluar el \u00e9xito de nuestras campa\u00f1as de marketing y publicidad).<\/p>\n\n\n\n<p>COMPARTIENDO SU INFORMACI\u00d3N PERSONAL<\/p>\n\n\n\n<p>Compartimos su informaci\u00f3n personal con terceros para ayudarnos a usar su informaci\u00f3n personal, como se describe anteriormente. Por ejemplo, utilizamos Woocommerce para impulsar nuestra tienda en l\u00ednea. Puede leer m\u00e1s sobre c\u00f3mo Woocommerce utiliza su informaci\u00f3n personal aqu\u00ed:&nbsp; <a href=\"https:\/\/woocommerce.com\/gdpr\/\">https:\/\/woocommerce.com\/gdpr\/<\/a>.&nbsp; We also use Google Analytics to help us understand how our customers use the Site&#8211;you can read more about how Google uses your Personal Information here:&nbsp; https:\/\/www.google.com\/intl\/en\/policies\/privacy\/.&nbsp; You can also opt-out of Google Analytics here:&nbsp; https:\/\/tools.google.com\/dlpage\/gaoptout.<\/p>\n\n\n\n<p>Finalmente, tambi\u00e9n podemos compartir su informaci\u00f3n personal para cumplir con las leyes y regulaciones aplicables, para responder a una citaci\u00f3n, orden de allanamiento u otra solicitud legal de informaci\u00f3n que recibimos, o para proteger nuestros derechos.<\/p>\n\n\n\n<p>NO SEGUIR<\/p>\n\n\n\n<p>Tenga en cuenta que no modificamos las pr\u00e1cticas de recopilaci\u00f3n y uso de datos de nuestro Sitio cuando vemos una se\u00f1al de No rastrear desde su navegador.<\/p>\n\n\n\n<p>TUS DERECHOS<\/p>\n\n\n\n<p>Si es residente europeo, tiene derecho a acceder a la informaci\u00f3n personal que tenemos sobre usted y a solicitar que su informaci\u00f3n personal sea corregida, actualizada o eliminada. Si desea ejercer este derecho, cont\u00e1ctenos a trav\u00e9s de la informaci\u00f3n de contacto a continuaci\u00f3n.<\/p>\n\n\n\n<p>Adem\u00e1s, si usted es un residente europeo, notamos que estamos procesando su informaci\u00f3n para cumplir con los contratos que podamos tener con usted (por ejemplo, si realiza un pedido a trav\u00e9s del Sitio), o de otra manera para perseguir nuestros intereses comerciales leg\u00edtimos mencionados anteriormente. Adem\u00e1s, tenga en cuenta que su informaci\u00f3n se transferir\u00e1 fuera de Europa, incluso a Canad\u00e1 y Estados Unidos.<\/p>\n\n\n\n<p>RETENCI\u00d3N DE DATOS<\/p>\n\n\n\n<p>Cuando realiza un pedido a trav\u00e9s del Sitio, mantendremos su Informaci\u00f3n de pedido para nuestros registros a menos y hasta que nos solicite que eliminemos esta informaci\u00f3n.<\/p>\n\n\n\n<p>CAMBIOS<\/p>\n\n\n\n<p>Podemos actualizar esta pol\u00edtica de privacidad de vez en cuando para reflejar, por ejemplo, cambios en nuestras pr\u00e1cticas o por otros motivos operativos, legales o reglamentarios.<\/p>\n\n\n\n<p>CONT\u00c1CTENOS<\/p>\n\n\n\n<p>Para obtener m\u00e1s informaci\u00f3n sobre nuestras pr\u00e1cticas de privacidad, si tiene preguntas o si desea presentar una queja, comun\u00edquese con nosotros por correo electr\u00f3nico a alquimiapervane@alquimiapervane.com o por correo utilizando los detalles que se proporcionan a continuaci\u00f3n:<\/p>\n\n\n\n<p>&nbsp; Alquimia Pervane, 28 Caldereria Nueva, Granada, 18010, Spain<\/p>","protected":false},"excerpt":{"rendered":"<p>Privacy Policy WHO WE ARE This privacy policy sets out how www.alquimiapervane.com (\u201cSite\u201d) collects, uses and protects and shares information you give whilst using this site. All information you give is used in accordance with the privacy policy outlined below. Changes to our policy may occur and so please check this page from time to [&hellip;]<\/p>\n","protected":false},"author":2,"featured_media":0,"parent":0,"menu_order":0,"comment_status":"closed","ping_status":"closed","template":"","meta":{"om_disable_all_campaigns":false,"_monsterinsights_skip_tracking":false,"_monsterinsights_sitenote_active":false,"_monsterinsights_sitenote_note":"","_monsterinsights_sitenote_category":0,"jetpack_post_was_ever_published":false,"footnotes":""},"folder":[],"class_list":["post-993","page","type-page","status-publish","hentry"],"yoast_head":"<!-- This site is optimized with the Yoast SEO plugin v27.4 - https:\/\/yoast.com\/product\/yoast-seo-wordpress\/ -->\n<title>Privacy Policy &#8226; Alquimia Pervane - handmade perfumes and oils<\/title>\n<meta name=\"robots\" content=\"index, follow, max-snippet:-1, max-image-preview:large, max-video-preview:-1\" \/>\n<link rel=\"canonical\" href=\"https:\/\/alquimiapervane.com\/es\/privacy-policy\/\" \/>\n<meta property=\"og:locale\" content=\"es_ES\" \/>\n<meta property=\"og:type\" content=\"article\" \/>\n<meta property=\"og:title\" content=\"Privacy Policy &#8226; Alquimia Pervane - handmade perfumes and oils\" \/>\n<meta property=\"og:description\" content=\"Privacy Policy WHO WE ARE This privacy policy sets out how www.alquimiapervane.com (\u201cSite\u201d) collects, uses and protects and shares information you give whilst using this site. All information you give is used in accordance with the privacy policy outlined below. Changes to our policy may occur and so please check this page from time to [&hellip;]\" \/>\n<meta property=\"og:url\" content=\"https:\/\/alquimiapervane.com\/es\/privacy-policy\/\" \/>\n<meta property=\"og:site_name\" content=\"Alquimia Pervane - handmade perfumes and oils\" \/>\n<meta property=\"article:publisher\" content=\"https:\/\/www.facebook.com\/alquimia.pervane\" \/>\n<meta property=\"article:modified_time\" content=\"2020-06-08T15:01:34+00:00\" \/>\n<meta name=\"twitter:card\" content=\"summary_large_image\" \/>\n<meta name=\"twitter:label1\" content=\"Tiempo de lectura\" \/>\n\t<meta name=\"twitter:data1\" content=\"4 minutos\" \/>\n<script type=\"application\/ld+json\" class=\"yoast-schema-graph\">{\"@context\":\"https:\\\/\\\/schema.org\",\"@graph\":[{\"@type\":\"WebPage\",\"@id\":\"https:\\\/\\\/alquimiapervane.com\\\/privacy-policy\\\/\",\"url\":\"https:\\\/\\\/alquimiapervane.com\\\/privacy-policy\\\/\",\"name\":\"Privacy Policy &#8226; Alquimia Pervane - handmade perfumes and oils\",\"isPartOf\":{\"@id\":\"https:\\\/\\\/alquimiapervane.com\\\/#website\"},\"datePublished\":\"2020-05-09T18:03:54+00:00\",\"dateModified\":\"2020-06-08T15:01:34+00:00\",\"breadcrumb\":{\"@id\":\"https:\\\/\\\/alquimiapervane.com\\\/privacy-policy\\\/#breadcrumb\"},\"inLanguage\":\"es\",\"potentialAction\":[{\"@type\":\"ReadAction\",\"target\":[\"https:\\\/\\\/alquimiapervane.com\\\/privacy-policy\\\/\"]}]},{\"@type\":\"BreadcrumbList\",\"@id\":\"https:\\\/\\\/alquimiapervane.com\\\/privacy-policy\\\/#breadcrumb\",\"itemListElement\":[{\"@type\":\"ListItem\",\"position\":1,\"name\":\"Home\",\"item\":\"https:\\\/\\\/alquimiapervane.com\\\/\"},{\"@type\":\"ListItem\",\"position\":2,\"name\":\"Privacy Policy\"}]},{\"@type\":\"WebSite\",\"@id\":\"https:\\\/\\\/alquimiapervane.com\\\/#website\",\"url\":\"https:\\\/\\\/alquimiapervane.com\\\/\",\"name\":\"Alquimia Pervane - artisan perfumes and oils\",\"description\":\"Artisanal Perfumes and Oils\",\"publisher\":{\"@id\":\"https:\\\/\\\/alquimiapervane.com\\\/#organization\"},\"potentialAction\":[{\"@type\":\"SearchAction\",\"target\":{\"@type\":\"EntryPoint\",\"urlTemplate\":\"https:\\\/\\\/alquimiapervane.com\\\/?s={search_term_string}\"},\"query-input\":{\"@type\":\"PropertyValueSpecification\",\"valueRequired\":true,\"valueName\":\"search_term_string\"}}],\"inLanguage\":\"es\"},{\"@type\":\"Organization\",\"@id\":\"https:\\\/\\\/alquimiapervane.com\\\/#organization\",\"name\":\"Alquimia Pervane\",\"url\":\"https:\\\/\\\/alquimiapervane.com\\\/\",\"logo\":{\"@type\":\"ImageObject\",\"inLanguage\":\"es\",\"@id\":\"https:\\\/\\\/alquimiapervane.com\\\/#\\\/schema\\\/logo\\\/image\\\/\",\"url\":\"https:\\\/\\\/i0.wp.com\\\/alquimiapervane.com\\\/wp-content\\\/uploads\\\/2020\\\/04\\\/sitelogoinvert.png?fit=470%2C110&ssl=1\",\"contentUrl\":\"https:\\\/\\\/i0.wp.com\\\/alquimiapervane.com\\\/wp-content\\\/uploads\\\/2020\\\/04\\\/sitelogoinvert.png?fit=470%2C110&ssl=1\",\"width\":470,\"height\":110,\"caption\":\"Alquimia Pervane\"},\"image\":{\"@id\":\"https:\\\/\\\/alquimiapervane.com\\\/#\\\/schema\\\/logo\\\/image\\\/\"},\"sameAs\":[\"https:\\\/\\\/www.facebook.com\\\/alquimia.pervane\",\"https:\\\/\\\/www.instagram.com\\\/alquimiapervane\\\/\"]}]}<\/script>\n<!-- \/ Yoast SEO plugin. -->","yoast_head_json":{"title":"Privacy Policy &#8226; Alquimia Pervane - handmade perfumes and oils","robots":{"index":"index","follow":"follow","max-snippet":"max-snippet:-1","max-image-preview":"max-image-preview:large","max-video-preview":"max-video-preview:-1"},"canonical":"https:\/\/alquimiapervane.com\/es\/privacy-policy\/","og_locale":"es_ES","og_type":"article","og_title":"Privacy Policy &#8226; Alquimia Pervane - handmade perfumes and oils","og_description":"Privacy Policy WHO WE ARE This privacy policy sets out how www.alquimiapervane.com (\u201cSite\u201d) collects, uses and protects and shares information you give whilst using this site. All information you give is used in accordance with the privacy policy outlined below. Changes to our policy may occur and so please check this page from time to [&hellip;]","og_url":"https:\/\/alquimiapervane.com\/es\/privacy-policy\/","og_site_name":"Alquimia Pervane - handmade perfumes and oils","article_publisher":"https:\/\/www.facebook.com\/alquimia.pervane","article_modified_time":"2020-06-08T15:01:34+00:00","twitter_card":"summary_large_image","twitter_misc":{"Tiempo de lectura":"4 minutos"},"schema":{"@context":"https:\/\/schema.org","@graph":[{"@type":"WebPage","@id":"https:\/\/alquimiapervane.com\/privacy-policy\/","url":"https:\/\/alquimiapervane.com\/privacy-policy\/","name":"Privacy Policy &#8226; Alquimia Pervane - handmade perfumes and oils","isPartOf":{"@id":"https:\/\/alquimiapervane.com\/#website"},"datePublished":"2020-05-09T18:03:54+00:00","dateModified":"2020-06-08T15:01:34+00:00","breadcrumb":{"@id":"https:\/\/alquimiapervane.com\/privacy-policy\/#breadcrumb"},"inLanguage":"es","potentialAction":[{"@type":"ReadAction","target":["https:\/\/alquimiapervane.com\/privacy-policy\/"]}]},{"@type":"BreadcrumbList","@id":"https:\/\/alquimiapervane.com\/privacy-policy\/#breadcrumb","itemListElement":[{"@type":"ListItem","position":1,"name":"Home","item":"https:\/\/alquimiapervane.com\/"},{"@type":"ListItem","position":2,"name":"Privacy Policy"}]},{"@type":"WebSite","@id":"https:\/\/alquimiapervane.com\/#website","url":"https:\/\/alquimiapervane.com\/","name":"Alquimia Pervane - artisan perfumes and oils","description":"Artisanal Perfumes and Oils","publisher":{"@id":"https:\/\/alquimiapervane.com\/#organization"},"potentialAction":[{"@type":"SearchAction","target":{"@type":"EntryPoint","urlTemplate":"https:\/\/alquimiapervane.com\/?s={search_term_string}"},"query-input":{"@type":"PropertyValueSpecification","valueRequired":true,"valueName":"search_term_string"}}],"inLanguage":"es"},{"@type":"Organization","@id":"https:\/\/alquimiapervane.com\/#organization","name":"Alquimia Pervane","url":"https:\/\/alquimiapervane.com\/","logo":{"@type":"ImageObject","inLanguage":"es","@id":"https:\/\/alquimiapervane.com\/#\/schema\/logo\/image\/","url":"https:\/\/i0.wp.com\/alquimiapervane.com\/wp-content\/uploads\/2020\/04\/sitelogoinvert.png?fit=470%2C110&ssl=1","contentUrl":"https:\/\/i0.wp.com\/alquimiapervane.com\/wp-content\/uploads\/2020\/04\/sitelogoinvert.png?fit=470%2C110&ssl=1","width":470,"height":110,"caption":"Alquimia Pervane"},"image":{"@id":"https:\/\/alquimiapervane.com\/#\/schema\/logo\/image\/"},"sameAs":["https:\/\/www.facebook.com\/alquimia.pervane","https:\/\/www.instagram.com\/alquimiapervane\/"]}]}},"jetpack_shortlink":"https:\/\/wp.me\/PbDzKF-g1","jetpack_sharing_enabled":true,"_links":{"self":[{"href":"https:\/\/alquimiapervane.com\/es\/wp-json\/wp\/v2\/pages\/993","targetHints":{"allow":["GET"]}}],"collection":[{"href":"https:\/\/alquimiapervane.com\/es\/wp-json\/wp\/v2\/pages"}],"about":[{"href":"https:\/\/alquimiapervane.com\/es\/wp-json\/wp\/v2\/types\/page"}],"author":[{"embeddable":true,"href":"https:\/\/alquimiapervane.com\/es\/wp-json\/wp\/v2\/users\/2"}],"replies":[{"embeddable":true,"href":"https:\/\/alquimiapervane.com\/es\/wp-json\/wp\/v2\/comments?post=993"}],"version-history":[{"count":0,"href":"https:\/\/alquimiapervane.com\/es\/wp-json\/wp\/v2\/pages\/993\/revisions"}],"wp:attachment":[{"href":"https:\/\/alquimiapervane.com\/es\/wp-json\/wp\/v2\/media?parent=993"}],"wp:term":[{"taxonomy":"folder","embeddable":true,"href":"https:\/\/alquimiapervane.com\/es\/wp-json\/wp\/v2\/folder?post=993"}],"curies":[{"name":"wp","href":"https:\/\/api.w.org\/{rel}","templated":true}]}}